{"id":19619,"date":"2026-02-27T06:05:25","date_gmt":"2026-02-27T06:05:25","guid":{"rendered":"https:\/\/winmallspa.com\/?post_type=product&#038;p=19619"},"modified":"2026-02-27T06:06:36","modified_gmt":"2026-02-27T06:06:36","slug":"armatura-riflettente-%e5%8f%8d%e5%85%89%e9%a9%ac%e7%94%b2-2","status":"publish","type":"product","link":"https:\/\/winmallspa.com\/zh\/prodotto\/armatura-riflettente-%e5%8f%8d%e5%85%89%e9%a9%ac%e7%94%b2-2\/","title":{"rendered":"Armatura riflettente \u53cd\u5149\u9a6c\u7532"},"content":{"rendered":"","protected":false},"excerpt":{"rendered":"<p>Gilet di sicurezza con riflessi ad alta visibilit\u00e0, realizzato in tessuto di alta qualit\u00e0 e dotato di strisce riflettenti in fibra sintetica per massimizzare la visibilit\u00e0 notturna. Design a tasche multiple con layout tridimensionale, ideale per riporre strumenti e documenti. Chiusura con zip per un indossamento e un&#8217;apertura agevoli, essenziale per la protezione in ambito lavorativo e durante i turni di servizio.<\/p>\n<p>\u9ad8\u4eae\u53cd\u5149\u5b89\u5168\u9a6c\u7532\uff0c\u7cbe\u9009\u7ecf\u904d\u5e03\u9762\u6599\uff0c\u642d\u914d\u9ad8\u4eae\u53cd\u5149\u5316\u7ea4\u6761\uff0c\u591c\u95f4\u53ef\u89c6\u6027\u62c9\u6ee1\u3002\u591a\u53e3\u888b\u7acb\u4f53\u5e03\u5c40\uff0c\u53ef\u6536\u7eb3\u5de5\u5177\u8bc1\u4ef6\uff0c\u62c9\u94fe\u5f00\u5408\u7a7f\u8131\u4fbf\u6377\uff0c\u662f\u5de5\u7a0b\u65bd\u5de5\u3001\u5916\u52e4\u6267\u52e4\u7684\u5b89\u5168\u9632\u62a4\u521a\u9700\u3002<\/p>","protected":false},"featured_media":19620,"comment_status":"open","ping_status":"closed","template":"","meta":[],"product_brand":[],"product_cat":[266],"product_tag":[],"class_list":{"0":"post-19619","1":"product","2":"type-product","3":"status-publish","4":"has-post-thumbnail","6":"product_cat-vest","8":"first","9":"instock","10":"taxable","11":"shipping-taxable","12":"purchasable","13":"product-type-simple"},"yoast_head":"<!-- This site is optimized with the Yoast SEO plugin v27.4 - https:\/\/yoast.com\/product\/yoast-seo-wordpress\/ -->\n<title>Armatura riflettente \u53cd\u5149\u9a6c\u7532 - WINMALL SPA<\/title>\n<meta name=\"robots\" content=\"index, follow, max-snippet:-1, max-image-preview:large, max-video-preview:-1\" \/>\n<link rel=\"canonical\" href=\"https:\/\/winmallspa.com\/zh\/prodotto\/armatura-riflettente-\u53cd\u5149\u9a6c\u7532-2\/\" \/>\n<meta property=\"og:locale\" content=\"zh_CN\" \/>\n<meta property=\"og:type\" content=\"article\" \/>\n<meta property=\"og:title\" content=\"Armatura riflettente \u53cd\u5149\u9a6c\u7532 - WINMALL SPA\" \/>\n<meta property=\"og:description\" content=\"Gilet di sicurezza con riflessi ad alta visibilit\u00e0, realizzato in tessuto di alta qualit\u00e0 e dotato di strisce riflettenti in fibra sintetica per massimizzare la visibilit\u00e0 notturna. Design a tasche multiple con layout tridimensionale, ideale per riporre strumenti e documenti. Chiusura con zip per un indossamento e un&#039;apertura agevoli, essenziale per la protezione in ambito lavorativo e durante i turni di servizio.  \u9ad8\u4eae\u53cd\u5149\u5b89\u5168\u9a6c\u7532\uff0c\u7cbe\u9009\u7ecf\u904d\u5e03\u9762\u6599\uff0c\u642d\u914d\u9ad8\u4eae\u53cd\u5149\u5316\u7ea4\u6761\uff0c\u591c\u95f4\u53ef\u89c6\u6027\u62c9\u6ee1\u3002\u591a\u53e3\u888b\u7acb\u4f53\u5e03\u5c40\uff0c\u53ef\u6536\u7eb3\u5de5\u5177\u8bc1\u4ef6\uff0c\u62c9\u94fe\u5f00\u5408\u7a7f\u8131\u4fbf\u6377\uff0c\u662f\u5de5\u7a0b\u65bd\u5de5\u3001\u5916\u52e4\u6267\u52e4\u7684\u5b89\u5168\u9632\u62a4\u521a\u9700\u3002\" \/>\n<meta property=\"og:url\" content=\"https:\/\/winmallspa.com\/zh\/prodotto\/armatura-riflettente-\u53cd\u5149\u9a6c\u7532-2\/\" \/>\n<meta property=\"og:site_name\" content=\"WINMALL SPA\" \/>\n<meta property=\"article:modified_time\" content=\"2026-02-27T06:06:36+00:00\" \/>\n<meta property=\"og:image\" content=\"https:\/\/winmallspa.com\/wp-content\/uploads\/2026\/02\/O1CN01ZOXLXr2KrRE0sZTAy_4022689610-0-cib.jpg\" \/>\n\t<meta property=\"og:image:width\" content=\"800\" \/>\n\t<meta property=\"og:image:height\" content=\"800\" \/>\n\t<meta property=\"og:image:type\" content=\"image\/jpeg\" \/>\n<meta name=\"twitter:card\" content=\"summary_large_image\" \/>\n<script type=\"application\/ld+json\" class=\"yoast-schema-graph\">{\"@context\":\"https:\\\/\\\/schema.org\",\"@graph\":[{\"@type\":\"WebPage\",\"@id\":\"https:\\\/\\\/winmallspa.com\\\/prodotto\\\/armatura-riflettente-%e5%8f%8d%e5%85%89%e9%a9%ac%e7%94%b2-2\\\/\",\"url\":\"https:\\\/\\\/winmallspa.com\\\/prodotto\\\/armatura-riflettente-%e5%8f%8d%e5%85%89%e9%a9%ac%e7%94%b2-2\\\/\",\"name\":\"Armatura riflettente \u53cd\u5149\u9a6c\u7532 - WINMALL SPA\",\"isPartOf\":{\"@id\":\"https:\\\/\\\/winmallspa.com\\\/#website\"},\"primaryImageOfPage\":{\"@id\":\"https:\\\/\\\/winmallspa.com\\\/prodotto\\\/armatura-riflettente-%e5%8f%8d%e5%85%89%e9%a9%ac%e7%94%b2-2\\\/#primaryimage\"},\"image\":{\"@id\":\"https:\\\/\\\/winmallspa.com\\\/prodotto\\\/armatura-riflettente-%e5%8f%8d%e5%85%89%e9%a9%ac%e7%94%b2-2\\\/#primaryimage\"},\"thumbnailUrl\":\"https:\\\/\\\/winmallspa.com\\\/wp-content\\\/uploads\\\/2026\\\/02\\\/O1CN01ZOXLXr2KrRE0sZTAy_4022689610-0-cib.jpg\",\"datePublished\":\"2026-02-27T06:05:25+00:00\",\"dateModified\":\"2026-02-27T06:06:36+00:00\",\"breadcrumb\":{\"@id\":\"https:\\\/\\\/winmallspa.com\\\/prodotto\\\/armatura-riflettente-%e5%8f%8d%e5%85%89%e9%a9%ac%e7%94%b2-2\\\/#breadcrumb\"},\"inLanguage\":\"zh-Hans\",\"potentialAction\":[{\"@type\":\"ReadAction\",\"target\":[\"https:\\\/\\\/winmallspa.com\\\/prodotto\\\/armatura-riflettente-%e5%8f%8d%e5%85%89%e9%a9%ac%e7%94%b2-2\\\/\"]}]},{\"@type\":\"ImageObject\",\"inLanguage\":\"zh-Hans\",\"@id\":\"https:\\\/\\\/winmallspa.com\\\/prodotto\\\/armatura-riflettente-%e5%8f%8d%e5%85%89%e9%a9%ac%e7%94%b2-2\\\/#primaryimage\",\"url\":\"https:\\\/\\\/winmallspa.com\\\/wp-content\\\/uploads\\\/2026\\\/02\\\/O1CN01ZOXLXr2KrRE0sZTAy_4022689610-0-cib.jpg\",\"contentUrl\":\"https:\\\/\\\/winmallspa.com\\\/wp-content\\\/uploads\\\/2026\\\/02\\\/O1CN01ZOXLXr2KrRE0sZTAy_4022689610-0-cib.jpg\",\"width\":800,\"height\":800},{\"@type\":\"BreadcrumbList\",\"@id\":\"https:\\\/\\\/winmallspa.com\\\/prodotto\\\/armatura-riflettente-%e5%8f%8d%e5%85%89%e9%a9%ac%e7%94%b2-2\\\/#breadcrumb\",\"itemListElement\":[{\"@type\":\"ListItem\",\"position\":1,\"name\":\"Home\",\"item\":\"https:\\\/\\\/winmallspa.com\\\/\"},{\"@type\":\"ListItem\",\"position\":2,\"name\":\"Shop\",\"item\":\"https:\\\/\\\/winmallspa.com\\\/negozio\\\/\"},{\"@type\":\"ListItem\",\"position\":3,\"name\":\"Armatura riflettente \u53cd\u5149\u9a6c\u7532\"}]},{\"@type\":\"WebSite\",\"@id\":\"https:\\\/\\\/winmallspa.com\\\/#website\",\"url\":\"https:\\\/\\\/winmallspa.com\\\/\",\"name\":\"winmallspa.com\",\"description\":\"\",\"publisher\":{\"@id\":\"https:\\\/\\\/winmallspa.com\\\/#organization\"},\"potentialAction\":[{\"@type\":\"SearchAction\",\"target\":{\"@type\":\"EntryPoint\",\"urlTemplate\":\"https:\\\/\\\/winmallspa.com\\\/?s={search_term_string}\"},\"query-input\":{\"@type\":\"PropertyValueSpecification\",\"valueRequired\":true,\"valueName\":\"search_term_string\"}}],\"inLanguage\":\"zh-Hans\"},{\"@type\":\"Organization\",\"@id\":\"https:\\\/\\\/winmallspa.com\\\/#organization\",\"name\":\"winmallspa.com\",\"url\":\"https:\\\/\\\/winmallspa.com\\\/\",\"logo\":{\"@type\":\"ImageObject\",\"inLanguage\":\"zh-Hans\",\"@id\":\"https:\\\/\\\/winmallspa.com\\\/#\\\/schema\\\/logo\\\/image\\\/\",\"url\":\"https:\\\/\\\/winmallspa.com\\\/wp-content\\\/uploads\\\/2025\\\/07\\\/cta-vendorsys-logo.png\",\"contentUrl\":\"https:\\\/\\\/winmallspa.com\\\/wp-content\\\/uploads\\\/2025\\\/07\\\/cta-vendorsys-logo.png\",\"width\":225,\"height\":225,\"caption\":\"winmallspa.com\"},\"image\":{\"@id\":\"https:\\\/\\\/winmallspa.com\\\/#\\\/schema\\\/logo\\\/image\\\/\"}}]}<\/script>\n<!-- \/ Yoast SEO plugin. -->","yoast_head_json":{"title":"Armatura riflettente \u53cd\u5149\u9a6c\u7532 - WINMALL SPA","robots":{"index":"index","follow":"follow","max-snippet":"max-snippet:-1","max-image-preview":"max-image-preview:large","max-video-preview":"max-video-preview:-1"},"canonical":"https:\/\/winmallspa.com\/zh\/prodotto\/armatura-riflettente-\u53cd\u5149\u9a6c\u7532-2\/","og_locale":"zh_CN","og_type":"article","og_title":"Armatura riflettente \u53cd\u5149\u9a6c\u7532 - WINMALL SPA","og_description":"Gilet di sicurezza con riflessi ad alta visibilit\u00e0, realizzato in tessuto di alta qualit\u00e0 e dotato di strisce riflettenti in fibra sintetica per massimizzare la visibilit\u00e0 notturna. Design a tasche multiple con layout tridimensionale, ideale per riporre strumenti e documenti. Chiusura con zip per un indossamento e un'apertura agevoli, essenziale per la protezione in ambito lavorativo e durante i turni di servizio.  \u9ad8\u4eae\u53cd\u5149\u5b89\u5168\u9a6c\u7532\uff0c\u7cbe\u9009\u7ecf\u904d\u5e03\u9762\u6599\uff0c\u642d\u914d\u9ad8\u4eae\u53cd\u5149\u5316\u7ea4\u6761\uff0c\u591c\u95f4\u53ef\u89c6\u6027\u62c9\u6ee1\u3002\u591a\u53e3\u888b\u7acb\u4f53\u5e03\u5c40\uff0c\u53ef\u6536\u7eb3\u5de5\u5177\u8bc1\u4ef6\uff0c\u62c9\u94fe\u5f00\u5408\u7a7f\u8131\u4fbf\u6377\uff0c\u662f\u5de5\u7a0b\u65bd\u5de5\u3001\u5916\u52e4\u6267\u52e4\u7684\u5b89\u5168\u9632\u62a4\u521a\u9700\u3002","og_url":"https:\/\/winmallspa.com\/zh\/prodotto\/armatura-riflettente-\u53cd\u5149\u9a6c\u7532-2\/","og_site_name":"WINMALL SPA","article_modified_time":"2026-02-27T06:06:36+00:00","og_image":[{"width":800,"height":800,"url":"https:\/\/winmallspa.com\/wp-content\/uploads\/2026\/02\/O1CN01ZOXLXr2KrRE0sZTAy_4022689610-0-cib.jpg","type":"image\/jpeg"}],"twitter_card":"summary_large_image","schema":{"@context":"https:\/\/schema.org","@graph":[{"@type":"WebPage","@id":"https:\/\/winmallspa.com\/prodotto\/armatura-riflettente-%e5%8f%8d%e5%85%89%e9%a9%ac%e7%94%b2-2\/","url":"https:\/\/winmallspa.com\/prodotto\/armatura-riflettente-%e5%8f%8d%e5%85%89%e9%a9%ac%e7%94%b2-2\/","name":"Armatura riflettente \u53cd\u5149\u9a6c\u7532 - WINMALL SPA","isPartOf":{"@id":"https:\/\/winmallspa.com\/#website"},"primaryImageOfPage":{"@id":"https:\/\/winmallspa.com\/prodotto\/armatura-riflettente-%e5%8f%8d%e5%85%89%e9%a9%ac%e7%94%b2-2\/#primaryimage"},"image":{"@id":"https:\/\/winmallspa.com\/prodotto\/armatura-riflettente-%e5%8f%8d%e5%85%89%e9%a9%ac%e7%94%b2-2\/#primaryimage"},"thumbnailUrl":"https:\/\/winmallspa.com\/wp-content\/uploads\/2026\/02\/O1CN01ZOXLXr2KrRE0sZTAy_4022689610-0-cib.jpg","datePublished":"2026-02-27T06:05:25+00:00","dateModified":"2026-02-27T06:06:36+00:00","breadcrumb":{"@id":"https:\/\/winmallspa.com\/prodotto\/armatura-riflettente-%e5%8f%8d%e5%85%89%e9%a9%ac%e7%94%b2-2\/#breadcrumb"},"inLanguage":"zh-Hans","potentialAction":[{"@type":"ReadAction","target":["https:\/\/winmallspa.com\/prodotto\/armatura-riflettente-%e5%8f%8d%e5%85%89%e9%a9%ac%e7%94%b2-2\/"]}]},{"@type":"ImageObject","inLanguage":"zh-Hans","@id":"https:\/\/winmallspa.com\/prodotto\/armatura-riflettente-%e5%8f%8d%e5%85%89%e9%a9%ac%e7%94%b2-2\/#primaryimage","url":"https:\/\/winmallspa.com\/wp-content\/uploads\/2026\/02\/O1CN01ZOXLXr2KrRE0sZTAy_4022689610-0-cib.jpg","contentUrl":"https:\/\/winmallspa.com\/wp-content\/uploads\/2026\/02\/O1CN01ZOXLXr2KrRE0sZTAy_4022689610-0-cib.jpg","width":800,"height":800},{"@type":"BreadcrumbList","@id":"https:\/\/winmallspa.com\/prodotto\/armatura-riflettente-%e5%8f%8d%e5%85%89%e9%a9%ac%e7%94%b2-2\/#breadcrumb","itemListElement":[{"@type":"ListItem","position":1,"name":"Home","item":"https:\/\/winmallspa.com\/"},{"@type":"ListItem","position":2,"name":"Shop","item":"https:\/\/winmallspa.com\/negozio\/"},{"@type":"ListItem","position":3,"name":"Armatura riflettente \u53cd\u5149\u9a6c\u7532"}]},{"@type":"WebSite","@id":"https:\/\/winmallspa.com\/#website","url":"https:\/\/winmallspa.com\/","name":"winmallspa.com","description":"","publisher":{"@id":"https:\/\/winmallspa.com\/#organization"},"potentialAction":[{"@type":"SearchAction","target":{"@type":"EntryPoint","urlTemplate":"https:\/\/winmallspa.com\/?s={search_term_string}"},"query-input":{"@type":"PropertyValueSpecification","valueRequired":true,"valueName":"search_term_string"}}],"inLanguage":"zh-Hans"},{"@type":"Organization","@id":"https:\/\/winmallspa.com\/#organization","name":"winmallspa.com","url":"https:\/\/winmallspa.com\/","logo":{"@type":"ImageObject","inLanguage":"zh-Hans","@id":"https:\/\/winmallspa.com\/#\/schema\/logo\/image\/","url":"https:\/\/winmallspa.com\/wp-content\/uploads\/2025\/07\/cta-vendorsys-logo.png","contentUrl":"https:\/\/winmallspa.com\/wp-content\/uploads\/2025\/07\/cta-vendorsys-logo.png","width":225,"height":225,"caption":"winmallspa.com"},"image":{"@id":"https:\/\/winmallspa.com\/#\/schema\/logo\/image\/"}}]}},"_links":{"self":[{"href":"https:\/\/winmallspa.com\/zh\/wp-json\/wp\/v2\/product\/19619","targetHints":{"allow":["GET"]}}],"collection":[{"href":"https:\/\/winmallspa.com\/zh\/wp-json\/wp\/v2\/product"}],"about":[{"href":"https:\/\/winmallspa.com\/zh\/wp-json\/wp\/v2\/types\/product"}],"replies":[{"embeddable":true,"href":"https:\/\/winmallspa.com\/zh\/wp-json\/wp\/v2\/comments?post=19619"}],"version-history":[{"count":1,"href":"https:\/\/winmallspa.com\/zh\/wp-json\/wp\/v2\/product\/19619\/revisions"}],"predecessor-version":[{"id":19621,"href":"https:\/\/winmallspa.com\/zh\/wp-json\/wp\/v2\/product\/19619\/revisions\/19621"}],"wp:featuredmedia":[{"embeddable":true,"href":"https:\/\/winmallspa.com\/zh\/wp-json\/wp\/v2\/media\/19620"}],"wp:attachment":[{"href":"https:\/\/winmallspa.com\/zh\/wp-json\/wp\/v2\/media?parent=19619"}],"wp:term":[{"taxonomy":"product_brand","embeddable":true,"href":"https:\/\/winmallspa.com\/zh\/wp-json\/wp\/v2\/product_brand?post=19619"},{"taxonomy":"product_cat","embeddable":true,"href":"https:\/\/winmallspa.com\/zh\/wp-json\/wp\/v2\/product_cat?post=19619"},{"taxonomy":"product_tag","embeddable":true,"href":"https:\/\/winmallspa.com\/zh\/wp-json\/wp\/v2\/product_tag?post=19619"}],"curies":[{"name":"wp","href":"https:\/\/api.w.org\/{rel}","templated":true}]}}