{"id":18520,"date":"2026-01-19T08:10:36","date_gmt":"2026-01-19T08:10:36","guid":{"rendered":"https:\/\/winmallspa.com\/?post_type=product&#038;p=18520"},"modified":"2026-01-19T08:11:20","modified_gmt":"2026-01-19T08:11:20","slug":"dust-bags%e9%98%b2%e5%b0%98%e8%a2%8b-23","status":"publish","type":"product","link":"https:\/\/winmallspa.com\/zh\/prodotto\/dust-bags%e9%98%b2%e5%b0%98%e8%a2%8b-23\/","title":{"rendered":"Dust Bags\u9632\u5c18\u888b"},"content":{"rendered":"","protected":false},"excerpt":{"rendered":"<p>Il tessuto \u00e8 morbido e il design \u00e8 innovativo. Resistente alla polvere e all&#8217;umidit\u00e0, esprime uno stile minimalista, con possibilit\u00e0 di personalizzare le dimensioni e la stampa del logo.<br \/>\nPer il prezzo su misura, si prega di contattarci.<\/p>\n<div data-slate-node=\"element\"><span data-slate-node=\"text\"><span class=\"\" data-slate-leaf=\"true\" data-sent-id=\"zrqjxYjX7V\" data-para-id=\"0\">\u5e03\u6599\u67d4\u8f6f\uff0c\u8bbe\u8ba1\u65b0\u9896\u3002<\/span><\/span><span data-slate-node=\"text\"><span class=\"\" data-slate-leaf=\"true\" data-sent-id=\"BZWpEXpGDe\" data-para-id=\"0\">\u9632\u5c18\u9632\u6f6e\u7684\u540c\u65f6\u5c3d\u663e\u7b80\u7ea6\u683c\u8c03\uff0c\u652f\u6301\u5b9a\u5236\u5c3a\u5bf8\u4e0e\u5370\u6807\u3002<\/span><\/span><\/div>\n<div data-slate-node=\"element\" data-slate-fragment=\"JTVCJTdCJTIydHlwZSUyMiUzQSUyMnBhcmFncmFwaCUyMiUyQyUyMmNoaWxkcmVuJTIyJTNBJTVCJTdCJTIyaWQlMjIlM0ElMjJ6cnFqeFlqWDdWJTIyJTJDJTIycGFyYUlkeCUyMiUzQTAlMkMlMjJzcmMlMjIlM0ElMjIlRTUlQjglODMlRTYlOTYlOTklRTYlOUYlOTQlRTglQkQlQUYlRUYlQkMlOEMlRTglQUUlQkUlRTglQUUlQTElRTYlOTYlQjAlRTklQTIlOTYlRTMlODAlODIlMjIlMkMlMjJkc3QlMjIlM0ElMjJJbCUyMHRlc3N1dG8lMjAlQzMlQTglMjBtb3JiaWRvJTIwZSUyMGlsJTIwZGVzaWduJTIwJUMzJUE4JTIwaW5ub3ZhdGl2by4lMjIlMkMlMjJtZXRhZGF0YSUyMiUzQSUyMiU1QiU1RCUyMiUyQyUyMm1hdGNoZXMlMjIlM0ElNUIlNUQlMkMlMjJ0cmFuc2xhdGVkQnklMjIlM0ElN0IlMjJ0eXBlJTIyJTNBJTIydXNlcl9haSUyMiUyQyUyMmlkJTIyJTNBJTIybXVsdGktMjUwMS1saXRlLW5vdGhpbmslMjIlMkMlMjJyZWFzb24lMjIlM0ElMjIlMjIlN0QlMkMlMjJhZGFwdGVkTWF0Y2hlcyUyMiUzQSU3QiUyMnRlcm1zJTIyJTNBJTVCJTVEJTJDJTIybWVtcyUyMiUzQSU1QiU1RCU3RCUyQyUyMm1ldGFEYXRhJTIyJTNBJTVCJTVEJTJDJTIyYktUZXJtRGF0YSUyMiUzQSU1QiU1RCUyQyUyMnRleHQlMjIlM0ElMjIlRTUlQjglODMlRTYlOTYlOTklRTYlOUYlOTQlRTglQkQlQUYlRUYlQkMlOEMlRTglQUUlQkUlRTglQUUlQTElRTYlOTYlQjAlRTklQTIlOTYlRTMlODAlODIlMjIlN0QlMkMlN0IlMjJpZCUyMiUzQSUyMkJaV3BFWHBHRGUlMjIlMkMlMjJwYXJhSWR4JTIyJTNBMCUyQyUyMnNyYyUyMiUzQSUyMiVFOSU5OCVCMiVFNSVCMCU5OCVFOSU5OCVCMiVFNiVCRCVBRSVFNyU5QSU4NCVFNSU5MCU4QyVFNiU5NyVCNiVFNSVCMCVCRCVFNiU5OCVCRSVFNyVBRSU4MCVFNyVCQSVBNiVFNiVBMCVCQyVFOCVCMCU4MyVFRiVCQyU4QyVFNiU5NCVBRiVFNiU4QyU4MSVFNSVBRSU5QSVFNSU4OCVCNiVFNSVCMCVCQSVFNSVBRiVCOCVFNCVCOCU4RSVFNSU4RCVCMCVFNiVBMCU4NyVFMyU4MCU4MiUyMiUyQyUyMmRzdCUyMiUzQSUyMiUyMFJlc2lzdGVudGUlMjBhbGxhJTIwcG9sdmVyZSUyMGUlMjBhbGwndW1pZGl0JUMzJUEwJTJDJTIwZXNwcmltZSUyMHVubyUyMHN0aWxlJTIwbWluaW1hbGlzdGElMkMlMjBjb24lMjBwb3NzaWJpbGl0JUMzJUEwJTIwZGklMjBwZXJzb25hbGl6emFyZSUyMGxlJTIwZGltZW5zaW9uaSUyMGUlMjBsYSUyMHN0YW1wYSUyMGRlbCUyMGxvZ28uJTIyJTJDJTIybWV0YWRhdGElMjIlM0ElMjIlNUIlNUQlMjIlMkMlMjJtYXRjaGVzJTIyJTNBJTVCJTVEJTJDJTIydHJhbnNsYXRlZEJ5JTIyJTNBJTdCJTIydHlwZSUyMiUzQSUyMnVzZXJfYWklMjIlMkMlMjJpZCUyMiUzQSUyMm11bHRpLTI1MDEtbGl0ZS1ub3RoaW5rJTIyJTJDJTIycmVhc29uJTIyJTNBJTIyJTIyJTdEJTJDJTIyYWRhcHRlZE1hdGNoZXMlMjIlM0ElN0IlMjJ0ZXJtcyUyMiUzQSU1QiU1RCUyQyUyMm1lbXMlMjIlM0ElNUIlNUQlN0QlMkMlMjJtZXRhRGF0YSUyMiUzQSU1QiU1RCUyQyUyMmJLVGVybURhdGElMjIlM0ElNUIlNUQlMkMlMjJ0ZXh0JTIyJTNBJTIyJUU5JTk4JUIyJUU1JUIwJTk4JUU5JTk4JUIyJUU2JUJEJUFFJUU3JTlBJTg0JUU1JTkwJThDJUU2JTk3JUI2JUU1JUIwJUJEJUU2JTk4JUJFJUU3JUFFJTgwJUU3JUJBJUE2JUU2JUEwJUJDJUU4JUIwJTgzJUVGJUJDJThDJUU2JTk0JUFGJUU2JThDJTgxJUU1JUFFJTlBJUU1JTg4JUI2JUU1JUIwJUJBJUU1JUFGJUI4JUU0JUI4JThFJUU1JThEJUIwJUU2JUEwJTg3JUUzJTgwJTgyJTIyJTdEJTVEJTdEJTJDJTdCJTIydHlwZSUyMiUzQSUyMnBhcmFncmFwaCUyMiUyQyUyMmNoaWxkcmVuJTIyJTNBJTVCJTdCJTIyaWQlMjIlM0ElMjJ6Z04zNGIzckpWJTIyJTJDJTIycGFyYUlkeCUyMiUzQTElMkMlMjJzcmMlMjIlM0ElMjIlRTUlQUUlOUElRTUlODglQjYlRTQlQkIlQjclRTYlQTAlQkMlRTglQUYlQjclRTUlOTIlQTglRTglQUYlQTIlRTMlODAlODIlMjIlMkMlMjJkc3QlMjIlM0ElMjJQZXIlMjBpbCUyMHByZXp6byUyMHN1JTIwbWlzdXJhJTJDJTIwc2klMjBwcmVnYSUyMGRpJTIwY29udGF0dGFyY2kuJTIyJTJDJTIybWV0YWRhdGElMjIlM0ElMjIlNUIlNUQlMjIlMkMlMjJtYXRjaGVzJTIyJTNBJTVCJTVEJTJDJTIydHJhbnNsYXRlZEJ5JTIyJTNBJTdCJTIydHlwZSUyMiUzQSUyMnVzZXJfYWklMjIlMkMlMjJpZCUyMiUzQSUyMm11bHRpLTI1MDEtbGl0ZS1ub3RoaW5rJTIyJTJDJTIycmVhc29uJTIyJTNBJTIyJTIyJTdEJTJDJTIyYWRhcHRlZE1hdGNoZXMlMjIlM0ElN0IlMjJ0ZXJtcyUyMiUzQSU1QiU1RCUyQyUyMm1lbXMlMjIlM0ElNUIlNUQlN0QlMkMlMjJtZXRhRGF0YSUyMiUzQSU1QiU1RCUyQyUyMmJLVGVybURhdGElMjIlM0ElNUIlNUQlMkMlMjJ0ZXh0JTIyJTNBJTIyJUU1JUFFJTlBJUU1JTg4JUI2JUU0JUJCJUI3JUU2JUEwJUJDJUU4JUFGJUI3JUU1JTkyJUE4JUU4JUFGJUEyJUUzJTgwJTgyJTIyJTdEJTVEJTdEJTVE\"><span data-slate-node=\"text\"><span class=\"\" data-slate-leaf=\"true\" data-sent-id=\"zgN34b3rJV\" data-para-id=\"1\">\u5b9a\u5236\u4ef7\u683c\u8bf7\u54a8\u8be2\u3002<\/span><\/span><\/div>","protected":false},"featured_media":18514,"comment_status":"open","ping_status":"closed","template":"","meta":[],"product_brand":[257],"product_cat":[275],"product_tag":[],"class_list":{"0":"post-18520","1":"product","2":"type-product","3":"status-publish","4":"has-post-thumbnail","6":"product_brand-waci-pack","7":"product_cat-dust-bag","9":"first","10":"instock","11":"taxable","12":"shipping-taxable","13":"product-type-simple"},"yoast_head":"<!-- This site is optimized with the Yoast SEO plugin v27.4 - https:\/\/yoast.com\/product\/yoast-seo-wordpress\/ -->\n<title>Dust Bags\u9632\u5c18\u888b - WINMALL SPA<\/title>\n<meta name=\"robots\" content=\"index, follow, max-snippet:-1, max-image-preview:large, max-video-preview:-1\" \/>\n<link rel=\"canonical\" href=\"https:\/\/winmallspa.com\/zh\/prodotto\/dust-bags\u9632\u5c18\u888b-23\/\" \/>\n<meta property=\"og:locale\" content=\"zh_CN\" \/>\n<meta property=\"og:type\" content=\"article\" \/>\n<meta property=\"og:title\" content=\"Dust Bags\u9632\u5c18\u888b - WINMALL SPA\" \/>\n<meta property=\"og:description\" content=\"Il tessuto \u00e8 morbido e il design \u00e8 innovativo. Resistente alla polvere e all&#039;umidit\u00e0, esprime uno stile minimalista, con possibilit\u00e0 di personalizzare le dimensioni e la stampa del logo. Per il prezzo su misura, si prega di contattarci. \u5e03\u6599\u67d4\u8f6f\uff0c\u8bbe\u8ba1\u65b0\u9896\u3002\u9632\u5c18\u9632\u6f6e\u7684\u540c\u65f6\u5c3d\u663e\u7b80\u7ea6\u683c\u8c03\uff0c\u652f\u6301\u5b9a\u5236\u5c3a\u5bf8\u4e0e\u5370\u6807\u3002 \u5b9a\u5236\u4ef7\u683c\u8bf7\u54a8\u8be2\u3002\" \/>\n<meta property=\"og:url\" content=\"https:\/\/winmallspa.com\/zh\/prodotto\/dust-bags\u9632\u5c18\u888b-23\/\" \/>\n<meta property=\"og:site_name\" content=\"WINMALL SPA\" \/>\n<meta property=\"article:modified_time\" content=\"2026-01-19T08:11:20+00:00\" \/>\n<meta property=\"og:image\" content=\"https:\/\/winmallspa.com\/wp-content\/uploads\/2026\/01\/23.jpg\" \/>\n\t<meta property=\"og:image:width\" content=\"1920\" \/>\n\t<meta property=\"og:image:height\" content=\"1200\" \/>\n\t<meta property=\"og:image:type\" content=\"image\/jpeg\" \/>\n<meta name=\"twitter:card\" content=\"summary_large_image\" \/>\n<script type=\"application\/ld+json\" class=\"yoast-schema-graph\">{\"@context\":\"https:\\\/\\\/schema.org\",\"@graph\":[{\"@type\":\"WebPage\",\"@id\":\"https:\\\/\\\/winmallspa.com\\\/prodotto\\\/dust-bags%e9%98%b2%e5%b0%98%e8%a2%8b-23\\\/\",\"url\":\"https:\\\/\\\/winmallspa.com\\\/prodotto\\\/dust-bags%e9%98%b2%e5%b0%98%e8%a2%8b-23\\\/\",\"name\":\"Dust Bags\u9632\u5c18\u888b - WINMALL SPA\",\"isPartOf\":{\"@id\":\"https:\\\/\\\/winmallspa.com\\\/#website\"},\"primaryImageOfPage\":{\"@id\":\"https:\\\/\\\/winmallspa.com\\\/prodotto\\\/dust-bags%e9%98%b2%e5%b0%98%e8%a2%8b-23\\\/#primaryimage\"},\"image\":{\"@id\":\"https:\\\/\\\/winmallspa.com\\\/prodotto\\\/dust-bags%e9%98%b2%e5%b0%98%e8%a2%8b-23\\\/#primaryimage\"},\"thumbnailUrl\":\"https:\\\/\\\/winmallspa.com\\\/wp-content\\\/uploads\\\/2026\\\/01\\\/23.jpg\",\"datePublished\":\"2026-01-19T08:10:36+00:00\",\"dateModified\":\"2026-01-19T08:11:20+00:00\",\"breadcrumb\":{\"@id\":\"https:\\\/\\\/winmallspa.com\\\/prodotto\\\/dust-bags%e9%98%b2%e5%b0%98%e8%a2%8b-23\\\/#breadcrumb\"},\"inLanguage\":\"zh-Hans\",\"potentialAction\":[{\"@type\":\"ReadAction\",\"target\":[\"https:\\\/\\\/winmallspa.com\\\/prodotto\\\/dust-bags%e9%98%b2%e5%b0%98%e8%a2%8b-23\\\/\"]}]},{\"@type\":\"ImageObject\",\"inLanguage\":\"zh-Hans\",\"@id\":\"https:\\\/\\\/winmallspa.com\\\/prodotto\\\/dust-bags%e9%98%b2%e5%b0%98%e8%a2%8b-23\\\/#primaryimage\",\"url\":\"https:\\\/\\\/winmallspa.com\\\/wp-content\\\/uploads\\\/2026\\\/01\\\/23.jpg\",\"contentUrl\":\"https:\\\/\\\/winmallspa.com\\\/wp-content\\\/uploads\\\/2026\\\/01\\\/23.jpg\",\"width\":1920,\"height\":1200,\"caption\":\"xr:d:DAFh8XE-rdc:7,j:3992678131,t:23050414\"},{\"@type\":\"BreadcrumbList\",\"@id\":\"https:\\\/\\\/winmallspa.com\\\/prodotto\\\/dust-bags%e9%98%b2%e5%b0%98%e8%a2%8b-23\\\/#breadcrumb\",\"itemListElement\":[{\"@type\":\"ListItem\",\"position\":1,\"name\":\"Home\",\"item\":\"https:\\\/\\\/winmallspa.com\\\/\"},{\"@type\":\"ListItem\",\"position\":2,\"name\":\"Shop\",\"item\":\"https:\\\/\\\/winmallspa.com\\\/negozio\\\/\"},{\"@type\":\"ListItem\",\"position\":3,\"name\":\"Dust Bags\u9632\u5c18\u888b\"}]},{\"@type\":\"WebSite\",\"@id\":\"https:\\\/\\\/winmallspa.com\\\/#website\",\"url\":\"https:\\\/\\\/winmallspa.com\\\/\",\"name\":\"winmallspa.com\",\"description\":\"\",\"publisher\":{\"@id\":\"https:\\\/\\\/winmallspa.com\\\/#organization\"},\"potentialAction\":[{\"@type\":\"SearchAction\",\"target\":{\"@type\":\"EntryPoint\",\"urlTemplate\":\"https:\\\/\\\/winmallspa.com\\\/?s={search_term_string}\"},\"query-input\":{\"@type\":\"PropertyValueSpecification\",\"valueRequired\":true,\"valueName\":\"search_term_string\"}}],\"inLanguage\":\"zh-Hans\"},{\"@type\":\"Organization\",\"@id\":\"https:\\\/\\\/winmallspa.com\\\/#organization\",\"name\":\"winmallspa.com\",\"url\":\"https:\\\/\\\/winmallspa.com\\\/\",\"logo\":{\"@type\":\"ImageObject\",\"inLanguage\":\"zh-Hans\",\"@id\":\"https:\\\/\\\/winmallspa.com\\\/#\\\/schema\\\/logo\\\/image\\\/\",\"url\":\"https:\\\/\\\/winmallspa.com\\\/wp-content\\\/uploads\\\/2025\\\/07\\\/cta-vendorsys-logo.png\",\"contentUrl\":\"https:\\\/\\\/winmallspa.com\\\/wp-content\\\/uploads\\\/2025\\\/07\\\/cta-vendorsys-logo.png\",\"width\":225,\"height\":225,\"caption\":\"winmallspa.com\"},\"image\":{\"@id\":\"https:\\\/\\\/winmallspa.com\\\/#\\\/schema\\\/logo\\\/image\\\/\"}}]}<\/script>\n<!-- \/ Yoast SEO plugin. -->","yoast_head_json":{"title":"Dust Bags\u9632\u5c18\u888b - WINMALL SPA","robots":{"index":"index","follow":"follow","max-snippet":"max-snippet:-1","max-image-preview":"max-image-preview:large","max-video-preview":"max-video-preview:-1"},"canonical":"https:\/\/winmallspa.com\/zh\/prodotto\/dust-bags\u9632\u5c18\u888b-23\/","og_locale":"zh_CN","og_type":"article","og_title":"Dust Bags\u9632\u5c18\u888b - WINMALL SPA","og_description":"Il tessuto \u00e8 morbido e il design \u00e8 innovativo. Resistente alla polvere e all'umidit\u00e0, esprime uno stile minimalista, con possibilit\u00e0 di personalizzare le dimensioni e la stampa del logo. Per il prezzo su misura, si prega di contattarci. \u5e03\u6599\u67d4\u8f6f\uff0c\u8bbe\u8ba1\u65b0\u9896\u3002\u9632\u5c18\u9632\u6f6e\u7684\u540c\u65f6\u5c3d\u663e\u7b80\u7ea6\u683c\u8c03\uff0c\u652f\u6301\u5b9a\u5236\u5c3a\u5bf8\u4e0e\u5370\u6807\u3002 \u5b9a\u5236\u4ef7\u683c\u8bf7\u54a8\u8be2\u3002","og_url":"https:\/\/winmallspa.com\/zh\/prodotto\/dust-bags\u9632\u5c18\u888b-23\/","og_site_name":"WINMALL SPA","article_modified_time":"2026-01-19T08:11:20+00:00","og_image":[{"width":1920,"height":1200,"url":"https:\/\/winmallspa.com\/wp-content\/uploads\/2026\/01\/23.jpg","type":"image\/jpeg"}],"twitter_card":"summary_large_image","schema":{"@context":"https:\/\/schema.org","@graph":[{"@type":"WebPage","@id":"https:\/\/winmallspa.com\/prodotto\/dust-bags%e9%98%b2%e5%b0%98%e8%a2%8b-23\/","url":"https:\/\/winmallspa.com\/prodotto\/dust-bags%e9%98%b2%e5%b0%98%e8%a2%8b-23\/","name":"Dust Bags\u9632\u5c18\u888b - WINMALL SPA","isPartOf":{"@id":"https:\/\/winmallspa.com\/#website"},"primaryImageOfPage":{"@id":"https:\/\/winmallspa.com\/prodotto\/dust-bags%e9%98%b2%e5%b0%98%e8%a2%8b-23\/#primaryimage"},"image":{"@id":"https:\/\/winmallspa.com\/prodotto\/dust-bags%e9%98%b2%e5%b0%98%e8%a2%8b-23\/#primaryimage"},"thumbnailUrl":"https:\/\/winmallspa.com\/wp-content\/uploads\/2026\/01\/23.jpg","datePublished":"2026-01-19T08:10:36+00:00","dateModified":"2026-01-19T08:11:20+00:00","breadcrumb":{"@id":"https:\/\/winmallspa.com\/prodotto\/dust-bags%e9%98%b2%e5%b0%98%e8%a2%8b-23\/#breadcrumb"},"inLanguage":"zh-Hans","potentialAction":[{"@type":"ReadAction","target":["https:\/\/winmallspa.com\/prodotto\/dust-bags%e9%98%b2%e5%b0%98%e8%a2%8b-23\/"]}]},{"@type":"ImageObject","inLanguage":"zh-Hans","@id":"https:\/\/winmallspa.com\/prodotto\/dust-bags%e9%98%b2%e5%b0%98%e8%a2%8b-23\/#primaryimage","url":"https:\/\/winmallspa.com\/wp-content\/uploads\/2026\/01\/23.jpg","contentUrl":"https:\/\/winmallspa.com\/wp-content\/uploads\/2026\/01\/23.jpg","width":1920,"height":1200,"caption":"xr:d:DAFh8XE-rdc:7,j:3992678131,t:23050414"},{"@type":"BreadcrumbList","@id":"https:\/\/winmallspa.com\/prodotto\/dust-bags%e9%98%b2%e5%b0%98%e8%a2%8b-23\/#breadcrumb","itemListElement":[{"@type":"ListItem","position":1,"name":"Home","item":"https:\/\/winmallspa.com\/"},{"@type":"ListItem","position":2,"name":"Shop","item":"https:\/\/winmallspa.com\/negozio\/"},{"@type":"ListItem","position":3,"name":"Dust Bags\u9632\u5c18\u888b"}]},{"@type":"WebSite","@id":"https:\/\/winmallspa.com\/#website","url":"https:\/\/winmallspa.com\/","name":"winmallspa.com","description":"","publisher":{"@id":"https:\/\/winmallspa.com\/#organization"},"potentialAction":[{"@type":"SearchAction","target":{"@type":"EntryPoint","urlTemplate":"https:\/\/winmallspa.com\/?s={search_term_string}"},"query-input":{"@type":"PropertyValueSpecification","valueRequired":true,"valueName":"search_term_string"}}],"inLanguage":"zh-Hans"},{"@type":"Organization","@id":"https:\/\/winmallspa.com\/#organization","name":"winmallspa.com","url":"https:\/\/winmallspa.com\/","logo":{"@type":"ImageObject","inLanguage":"zh-Hans","@id":"https:\/\/winmallspa.com\/#\/schema\/logo\/image\/","url":"https:\/\/winmallspa.com\/wp-content\/uploads\/2025\/07\/cta-vendorsys-logo.png","contentUrl":"https:\/\/winmallspa.com\/wp-content\/uploads\/2025\/07\/cta-vendorsys-logo.png","width":225,"height":225,"caption":"winmallspa.com"},"image":{"@id":"https:\/\/winmallspa.com\/#\/schema\/logo\/image\/"}}]}},"_links":{"self":[{"href":"https:\/\/winmallspa.com\/zh\/wp-json\/wp\/v2\/product\/18520","targetHints":{"allow":["GET"]}}],"collection":[{"href":"https:\/\/winmallspa.com\/zh\/wp-json\/wp\/v2\/product"}],"about":[{"href":"https:\/\/winmallspa.com\/zh\/wp-json\/wp\/v2\/types\/product"}],"replies":[{"embeddable":true,"href":"https:\/\/winmallspa.com\/zh\/wp-json\/wp\/v2\/comments?post=18520"}],"version-history":[{"count":1,"href":"https:\/\/winmallspa.com\/zh\/wp-json\/wp\/v2\/product\/18520\/revisions"}],"predecessor-version":[{"id":18521,"href":"https:\/\/winmallspa.com\/zh\/wp-json\/wp\/v2\/product\/18520\/revisions\/18521"}],"wp:featuredmedia":[{"embeddable":true,"href":"https:\/\/winmallspa.com\/zh\/wp-json\/wp\/v2\/media\/18514"}],"wp:attachment":[{"href":"https:\/\/winmallspa.com\/zh\/wp-json\/wp\/v2\/media?parent=18520"}],"wp:term":[{"taxonomy":"product_brand","embeddable":true,"href":"https:\/\/winmallspa.com\/zh\/wp-json\/wp\/v2\/product_brand?post=18520"},{"taxonomy":"product_cat","embeddable":true,"href":"https:\/\/winmallspa.com\/zh\/wp-json\/wp\/v2\/product_cat?post=18520"},{"taxonomy":"product_tag","embeddable":true,"href":"https:\/\/winmallspa.com\/zh\/wp-json\/wp\/v2\/product_tag?post=18520"}],"curies":[{"name":"wp","href":"https:\/\/api.w.org\/{rel}","templated":true}]}}