{"id":18476,"date":"2026-01-16T12:13:47","date_gmt":"2026-01-16T12:13:47","guid":{"rendered":"https:\/\/winmallspa.com\/?post_type=product&#038;p=18476"},"modified":"2026-01-16T12:16:26","modified_gmt":"2026-01-16T12:16:26","slug":"dust-bags%e9%98%b2%e5%b0%98%e8%a2%8b-10","status":"publish","type":"product","link":"https:\/\/winmallspa.com\/zh\/prodotto\/dust-bags%e9%98%b2%e5%b0%98%e8%a2%8b-10\/","title":{"rendered":"Dust Bags\u9632\u5c18\u888b"},"content":{"rendered":"","protected":false},"excerpt":{"rendered":"<div>Realizzato in tessuto color avocado chiaro, con stampa di fiori rosa e viola in piena fioritura, abbinato a coulisse dello stesso colore. La chiusura a coulisse con arricciature stratificate \u00e8 ricca di dettagli, perfetto per riporre foulard, gonne e altri tessuti delicati. Protegge dalla polvere e dall&#8217;umidit\u00e0, catturando la vitalit\u00e0 della primavera in ogni momento. Disponibile su misura per disegni e dimensioni, \u00e8 un articolo di organizazione che unisce freschezza e funzionalit\u00e0.<\/div>\n<div><\/div>\n<p>\u4ee5\u6e05\u65b0\u725b\u6cb9\u679c\u7eff\u4e3a\u5e95\u8272\uff0c\u5370\u4e0a\u9971\u6ee1\u76db\u653e\u7684\u7c89\u7d2b\u82b1\u5349\u56fe\u6848\uff0c\u642d\u914d\u540c\u8272\u7cfb\u62bd\u7ef3\uff0c\u675f\u53e3\u8936\u76b1\u8bbe\u8ba1\u5c42\u6b21\u4e30\u5bcc\u3002\u53ef\u6536\u7eb3\u4e1d\u5dfe\u3001\u88d9\u88c5\u7b49\u67d4\u7f8e\u7ec7\u7269\uff0c\u9632\u5c18\u62a4\u8863\u7684\u540c\u65f6\uff0c\u5c06\u6625\u65e5\u751f\u673a\u968f\u8eab\u6536\u85cf\uff0c\u652f\u6301\u5b9a\u5236\u56fe\u6848\u4e0e\u5c3a\u5bf8\uff0c\u662f\u517c\u5177\u6e05\u65b0\u611f\u4e0e\u5b9e\u7528\u6027\u7684\u6536\u7eb3\u5355\u54c1\u3002<\/p>","protected":false},"featured_media":18463,"comment_status":"open","ping_status":"closed","template":"","meta":[],"product_brand":[257],"product_cat":[275],"product_tag":[],"class_list":{"0":"post-18476","1":"product","2":"type-product","3":"status-publish","4":"has-post-thumbnail","6":"product_brand-waci-pack","7":"product_cat-dust-bag","9":"first","10":"instock","11":"taxable","12":"shipping-taxable","13":"product-type-simple"},"yoast_head":"<!-- This site is optimized with the Yoast SEO plugin v27.4 - https:\/\/yoast.com\/product\/yoast-seo-wordpress\/ -->\n<title>Dust Bags\u9632\u5c18\u888b - WINMALL SPA<\/title>\n<meta name=\"robots\" content=\"index, follow, max-snippet:-1, max-image-preview:large, max-video-preview:-1\" \/>\n<link rel=\"canonical\" href=\"https:\/\/winmallspa.com\/zh\/prodotto\/dust-bags\u9632\u5c18\u888b-10\/\" \/>\n<meta property=\"og:locale\" content=\"zh_CN\" \/>\n<meta property=\"og:type\" content=\"article\" \/>\n<meta property=\"og:title\" content=\"Dust Bags\u9632\u5c18\u888b - WINMALL SPA\" \/>\n<meta property=\"og:description\" content=\"Realizzato in tessuto color avocado chiaro, con stampa di fiori rosa e viola in piena fioritura, abbinato a coulisse dello stesso colore. La chiusura a coulisse con arricciature stratificate \u00e8 ricca di dettagli, perfetto per riporre foulard, gonne e altri tessuti delicati. Protegge dalla polvere e dall&#039;umidit\u00e0, catturando la vitalit\u00e0 della primavera in ogni momento. Disponibile su misura per disegni e dimensioni, \u00e8 un articolo di organizazione che unisce freschezza e funzionalit\u00e0.  \u4ee5\u6e05\u65b0\u725b\u6cb9\u679c\u7eff\u4e3a\u5e95\u8272\uff0c\u5370\u4e0a\u9971\u6ee1\u76db\u653e\u7684\u7c89\u7d2b\u82b1\u5349\u56fe\u6848\uff0c\u642d\u914d\u540c\u8272\u7cfb\u62bd\u7ef3\uff0c\u675f\u53e3\u8936\u76b1\u8bbe\u8ba1\u5c42\u6b21\u4e30\u5bcc\u3002\u53ef\u6536\u7eb3\u4e1d\u5dfe\u3001\u88d9\u88c5\u7b49\u67d4\u7f8e\u7ec7\u7269\uff0c\u9632\u5c18\u62a4\u8863\u7684\u540c\u65f6\uff0c\u5c06\u6625\u65e5\u751f\u673a\u968f\u8eab\u6536\u85cf\uff0c\u652f\u6301\u5b9a\u5236\u56fe\u6848\u4e0e\u5c3a\u5bf8\uff0c\u662f\u517c\u5177\u6e05\u65b0\u611f\u4e0e\u5b9e\u7528\u6027\u7684\u6536\u7eb3\u5355\u54c1\u3002\" \/>\n<meta property=\"og:url\" content=\"https:\/\/winmallspa.com\/zh\/prodotto\/dust-bags\u9632\u5c18\u888b-10\/\" \/>\n<meta property=\"og:site_name\" content=\"WINMALL SPA\" \/>\n<meta property=\"article:modified_time\" content=\"2026-01-16T12:16:26+00:00\" \/>\n<meta property=\"og:image\" content=\"https:\/\/winmallspa.com\/wp-content\/uploads\/2026\/01\/12.jpg\" \/>\n\t<meta property=\"og:image:width\" content=\"1920\" \/>\n\t<meta property=\"og:image:height\" content=\"1200\" \/>\n\t<meta property=\"og:image:type\" content=\"image\/jpeg\" \/>\n<meta name=\"twitter:card\" content=\"summary_large_image\" \/>\n<script type=\"application\/ld+json\" class=\"yoast-schema-graph\">{\"@context\":\"https:\\\/\\\/schema.org\",\"@graph\":[{\"@type\":\"WebPage\",\"@id\":\"https:\\\/\\\/winmallspa.com\\\/prodotto\\\/dust-bags%e9%98%b2%e5%b0%98%e8%a2%8b-10\\\/\",\"url\":\"https:\\\/\\\/winmallspa.com\\\/prodotto\\\/dust-bags%e9%98%b2%e5%b0%98%e8%a2%8b-10\\\/\",\"name\":\"Dust Bags\u9632\u5c18\u888b - WINMALL SPA\",\"isPartOf\":{\"@id\":\"https:\\\/\\\/winmallspa.com\\\/#website\"},\"primaryImageOfPage\":{\"@id\":\"https:\\\/\\\/winmallspa.com\\\/prodotto\\\/dust-bags%e9%98%b2%e5%b0%98%e8%a2%8b-10\\\/#primaryimage\"},\"image\":{\"@id\":\"https:\\\/\\\/winmallspa.com\\\/prodotto\\\/dust-bags%e9%98%b2%e5%b0%98%e8%a2%8b-10\\\/#primaryimage\"},\"thumbnailUrl\":\"https:\\\/\\\/winmallspa.com\\\/wp-content\\\/uploads\\\/2026\\\/01\\\/12.jpg\",\"datePublished\":\"2026-01-16T12:13:47+00:00\",\"dateModified\":\"2026-01-16T12:16:26+00:00\",\"breadcrumb\":{\"@id\":\"https:\\\/\\\/winmallspa.com\\\/prodotto\\\/dust-bags%e9%98%b2%e5%b0%98%e8%a2%8b-10\\\/#breadcrumb\"},\"inLanguage\":\"zh-Hans\",\"potentialAction\":[{\"@type\":\"ReadAction\",\"target\":[\"https:\\\/\\\/winmallspa.com\\\/prodotto\\\/dust-bags%e9%98%b2%e5%b0%98%e8%a2%8b-10\\\/\"]}]},{\"@type\":\"ImageObject\",\"inLanguage\":\"zh-Hans\",\"@id\":\"https:\\\/\\\/winmallspa.com\\\/prodotto\\\/dust-bags%e9%98%b2%e5%b0%98%e8%a2%8b-10\\\/#primaryimage\",\"url\":\"https:\\\/\\\/winmallspa.com\\\/wp-content\\\/uploads\\\/2026\\\/01\\\/12.jpg\",\"contentUrl\":\"https:\\\/\\\/winmallspa.com\\\/wp-content\\\/uploads\\\/2026\\\/01\\\/12.jpg\",\"width\":1920,\"height\":1200,\"caption\":\"xr:d:DAFh8XE-rdc:7,j:3992678131,t:23050414\"},{\"@type\":\"BreadcrumbList\",\"@id\":\"https:\\\/\\\/winmallspa.com\\\/prodotto\\\/dust-bags%e9%98%b2%e5%b0%98%e8%a2%8b-10\\\/#breadcrumb\",\"itemListElement\":[{\"@type\":\"ListItem\",\"position\":1,\"name\":\"Home\",\"item\":\"https:\\\/\\\/winmallspa.com\\\/\"},{\"@type\":\"ListItem\",\"position\":2,\"name\":\"Shop\",\"item\":\"https:\\\/\\\/winmallspa.com\\\/negozio\\\/\"},{\"@type\":\"ListItem\",\"position\":3,\"name\":\"Dust Bags\u9632\u5c18\u888b\"}]},{\"@type\":\"WebSite\",\"@id\":\"https:\\\/\\\/winmallspa.com\\\/#website\",\"url\":\"https:\\\/\\\/winmallspa.com\\\/\",\"name\":\"winmallspa.com\",\"description\":\"\",\"publisher\":{\"@id\":\"https:\\\/\\\/winmallspa.com\\\/#organization\"},\"potentialAction\":[{\"@type\":\"SearchAction\",\"target\":{\"@type\":\"EntryPoint\",\"urlTemplate\":\"https:\\\/\\\/winmallspa.com\\\/?s={search_term_string}\"},\"query-input\":{\"@type\":\"PropertyValueSpecification\",\"valueRequired\":true,\"valueName\":\"search_term_string\"}}],\"inLanguage\":\"zh-Hans\"},{\"@type\":\"Organization\",\"@id\":\"https:\\\/\\\/winmallspa.com\\\/#organization\",\"name\":\"winmallspa.com\",\"url\":\"https:\\\/\\\/winmallspa.com\\\/\",\"logo\":{\"@type\":\"ImageObject\",\"inLanguage\":\"zh-Hans\",\"@id\":\"https:\\\/\\\/winmallspa.com\\\/#\\\/schema\\\/logo\\\/image\\\/\",\"url\":\"https:\\\/\\\/winmallspa.com\\\/wp-content\\\/uploads\\\/2025\\\/07\\\/cta-vendorsys-logo.png\",\"contentUrl\":\"https:\\\/\\\/winmallspa.com\\\/wp-content\\\/uploads\\\/2025\\\/07\\\/cta-vendorsys-logo.png\",\"width\":225,\"height\":225,\"caption\":\"winmallspa.com\"},\"image\":{\"@id\":\"https:\\\/\\\/winmallspa.com\\\/#\\\/schema\\\/logo\\\/image\\\/\"}}]}<\/script>\n<!-- \/ Yoast SEO plugin. -->","yoast_head_json":{"title":"Dust Bags\u9632\u5c18\u888b - WINMALL SPA","robots":{"index":"index","follow":"follow","max-snippet":"max-snippet:-1","max-image-preview":"max-image-preview:large","max-video-preview":"max-video-preview:-1"},"canonical":"https:\/\/winmallspa.com\/zh\/prodotto\/dust-bags\u9632\u5c18\u888b-10\/","og_locale":"zh_CN","og_type":"article","og_title":"Dust Bags\u9632\u5c18\u888b - WINMALL SPA","og_description":"Realizzato in tessuto color avocado chiaro, con stampa di fiori rosa e viola in piena fioritura, abbinato a coulisse dello stesso colore. La chiusura a coulisse con arricciature stratificate \u00e8 ricca di dettagli, perfetto per riporre foulard, gonne e altri tessuti delicati. Protegge dalla polvere e dall'umidit\u00e0, catturando la vitalit\u00e0 della primavera in ogni momento. Disponibile su misura per disegni e dimensioni, \u00e8 un articolo di organizazione che unisce freschezza e funzionalit\u00e0.  \u4ee5\u6e05\u65b0\u725b\u6cb9\u679c\u7eff\u4e3a\u5e95\u8272\uff0c\u5370\u4e0a\u9971\u6ee1\u76db\u653e\u7684\u7c89\u7d2b\u82b1\u5349\u56fe\u6848\uff0c\u642d\u914d\u540c\u8272\u7cfb\u62bd\u7ef3\uff0c\u675f\u53e3\u8936\u76b1\u8bbe\u8ba1\u5c42\u6b21\u4e30\u5bcc\u3002\u53ef\u6536\u7eb3\u4e1d\u5dfe\u3001\u88d9\u88c5\u7b49\u67d4\u7f8e\u7ec7\u7269\uff0c\u9632\u5c18\u62a4\u8863\u7684\u540c\u65f6\uff0c\u5c06\u6625\u65e5\u751f\u673a\u968f\u8eab\u6536\u85cf\uff0c\u652f\u6301\u5b9a\u5236\u56fe\u6848\u4e0e\u5c3a\u5bf8\uff0c\u662f\u517c\u5177\u6e05\u65b0\u611f\u4e0e\u5b9e\u7528\u6027\u7684\u6536\u7eb3\u5355\u54c1\u3002","og_url":"https:\/\/winmallspa.com\/zh\/prodotto\/dust-bags\u9632\u5c18\u888b-10\/","og_site_name":"WINMALL SPA","article_modified_time":"2026-01-16T12:16:26+00:00","og_image":[{"width":1920,"height":1200,"url":"https:\/\/winmallspa.com\/wp-content\/uploads\/2026\/01\/12.jpg","type":"image\/jpeg"}],"twitter_card":"summary_large_image","schema":{"@context":"https:\/\/schema.org","@graph":[{"@type":"WebPage","@id":"https:\/\/winmallspa.com\/prodotto\/dust-bags%e9%98%b2%e5%b0%98%e8%a2%8b-10\/","url":"https:\/\/winmallspa.com\/prodotto\/dust-bags%e9%98%b2%e5%b0%98%e8%a2%8b-10\/","name":"Dust Bags\u9632\u5c18\u888b - WINMALL SPA","isPartOf":{"@id":"https:\/\/winmallspa.com\/#website"},"primaryImageOfPage":{"@id":"https:\/\/winmallspa.com\/prodotto\/dust-bags%e9%98%b2%e5%b0%98%e8%a2%8b-10\/#primaryimage"},"image":{"@id":"https:\/\/winmallspa.com\/prodotto\/dust-bags%e9%98%b2%e5%b0%98%e8%a2%8b-10\/#primaryimage"},"thumbnailUrl":"https:\/\/winmallspa.com\/wp-content\/uploads\/2026\/01\/12.jpg","datePublished":"2026-01-16T12:13:47+00:00","dateModified":"2026-01-16T12:16:26+00:00","breadcrumb":{"@id":"https:\/\/winmallspa.com\/prodotto\/dust-bags%e9%98%b2%e5%b0%98%e8%a2%8b-10\/#breadcrumb"},"inLanguage":"zh-Hans","potentialAction":[{"@type":"ReadAction","target":["https:\/\/winmallspa.com\/prodotto\/dust-bags%e9%98%b2%e5%b0%98%e8%a2%8b-10\/"]}]},{"@type":"ImageObject","inLanguage":"zh-Hans","@id":"https:\/\/winmallspa.com\/prodotto\/dust-bags%e9%98%b2%e5%b0%98%e8%a2%8b-10\/#primaryimage","url":"https:\/\/winmallspa.com\/wp-content\/uploads\/2026\/01\/12.jpg","contentUrl":"https:\/\/winmallspa.com\/wp-content\/uploads\/2026\/01\/12.jpg","width":1920,"height":1200,"caption":"xr:d:DAFh8XE-rdc:7,j:3992678131,t:23050414"},{"@type":"BreadcrumbList","@id":"https:\/\/winmallspa.com\/prodotto\/dust-bags%e9%98%b2%e5%b0%98%e8%a2%8b-10\/#breadcrumb","itemListElement":[{"@type":"ListItem","position":1,"name":"Home","item":"https:\/\/winmallspa.com\/"},{"@type":"ListItem","position":2,"name":"Shop","item":"https:\/\/winmallspa.com\/negozio\/"},{"@type":"ListItem","position":3,"name":"Dust Bags\u9632\u5c18\u888b"}]},{"@type":"WebSite","@id":"https:\/\/winmallspa.com\/#website","url":"https:\/\/winmallspa.com\/","name":"winmallspa.com","description":"","publisher":{"@id":"https:\/\/winmallspa.com\/#organization"},"potentialAction":[{"@type":"SearchAction","target":{"@type":"EntryPoint","urlTemplate":"https:\/\/winmallspa.com\/?s={search_term_string}"},"query-input":{"@type":"PropertyValueSpecification","valueRequired":true,"valueName":"search_term_string"}}],"inLanguage":"zh-Hans"},{"@type":"Organization","@id":"https:\/\/winmallspa.com\/#organization","name":"winmallspa.com","url":"https:\/\/winmallspa.com\/","logo":{"@type":"ImageObject","inLanguage":"zh-Hans","@id":"https:\/\/winmallspa.com\/#\/schema\/logo\/image\/","url":"https:\/\/winmallspa.com\/wp-content\/uploads\/2025\/07\/cta-vendorsys-logo.png","contentUrl":"https:\/\/winmallspa.com\/wp-content\/uploads\/2025\/07\/cta-vendorsys-logo.png","width":225,"height":225,"caption":"winmallspa.com"},"image":{"@id":"https:\/\/winmallspa.com\/#\/schema\/logo\/image\/"}}]}},"_links":{"self":[{"href":"https:\/\/winmallspa.com\/zh\/wp-json\/wp\/v2\/product\/18476","targetHints":{"allow":["GET"]}}],"collection":[{"href":"https:\/\/winmallspa.com\/zh\/wp-json\/wp\/v2\/product"}],"about":[{"href":"https:\/\/winmallspa.com\/zh\/wp-json\/wp\/v2\/types\/product"}],"replies":[{"embeddable":true,"href":"https:\/\/winmallspa.com\/zh\/wp-json\/wp\/v2\/comments?post=18476"}],"version-history":[{"count":1,"href":"https:\/\/winmallspa.com\/zh\/wp-json\/wp\/v2\/product\/18476\/revisions"}],"predecessor-version":[{"id":18477,"href":"https:\/\/winmallspa.com\/zh\/wp-json\/wp\/v2\/product\/18476\/revisions\/18477"}],"wp:featuredmedia":[{"embeddable":true,"href":"https:\/\/winmallspa.com\/zh\/wp-json\/wp\/v2\/media\/18463"}],"wp:attachment":[{"href":"https:\/\/winmallspa.com\/zh\/wp-json\/wp\/v2\/media?parent=18476"}],"wp:term":[{"taxonomy":"product_brand","embeddable":true,"href":"https:\/\/winmallspa.com\/zh\/wp-json\/wp\/v2\/product_brand?post=18476"},{"taxonomy":"product_cat","embeddable":true,"href":"https:\/\/winmallspa.com\/zh\/wp-json\/wp\/v2\/product_cat?post=18476"},{"taxonomy":"product_tag","embeddable":true,"href":"https:\/\/winmallspa.com\/zh\/wp-json\/wp\/v2\/product_tag?post=18476"}],"curies":[{"name":"wp","href":"https:\/\/api.w.org\/{rel}","templated":true}]}}