{"id":18458,"date":"2026-01-16T09:38:36","date_gmt":"2026-01-16T09:38:36","guid":{"rendered":"https:\/\/winmallspa.com\/?post_type=product&#038;p=18458"},"modified":"2026-01-16T09:40:46","modified_gmt":"2026-01-16T09:40:46","slug":"dust-bags%e9%98%b2%e5%b0%98%e8%a2%8b-4","status":"publish","type":"product","link":"https:\/\/winmallspa.com\/zh\/prodotto\/dust-bags%e9%98%b2%e5%b0%98%e8%a2%8b-4\/","title":{"rendered":"Dust Bags\u9632\u5c18\u888b"},"content":{"rendered":"","protected":false},"excerpt":{"rendered":"<p>Realizzato in pelle rossa vera, morbida e lucida, con coulisse nere e fibbia in pelle. La chiusura a coulisse \u00e8 pratica ed elegante, perfetto per riporre accessori preziosi, piccoli articoli in pelle o indumenti intimi. Protegge dalla polvere mentre si distingue per il colore vibrante e la qualit\u00e0 premium. Disponibile su misura per dimensioni e marchi personalizzati, \u00e8 un articolo di organizazione che unisce funzionalit\u00e0 ed estetica.<\/p>\n<p>\u7504\u9009\u7ec6\u817b\u67d4\u6da6\u7684\u7ea2\u8272\u771f\u76ae\u9762\u6599\uff0c\u642d\u914d\u9ed1\u8272\u62bd\u7ef3\u4e0e\u76ae\u8d28\u7ef3\u6263\uff0c\u675f\u53e3\u8bbe\u8ba1\u5229\u843d\u6709\u578b\u3002\u53ef\u7cbe\u81f4\u6536\u7eb3\u8d35\u91cd\u914d\u9970\u3001\u5c0f\u578b\u76ae\u5177\u6216\u8d34\u8eab\u8863\u7269\uff0c\u9632\u5c18\u62a4\u7269\u7684\u540c\u65f6\uff0c\u4ee5\u4eae\u773c\u8272\u6cfd\u4e0e\u9ad8\u7ea7\u8d28\u611f\u6210\u4e3a\u517c\u5177\u5b9e\u7528\u4e0e\u7f8e\u5b66\u7684\u6536\u7eb3\u5355\u54c1\uff0c\u652f\u6301\u5b9a\u5236\u5c3a\u5bf8\u4e0e\u4e13\u5c5e\u538b\u5370\u3002<\/p>","protected":false},"featured_media":18446,"comment_status":"open","ping_status":"closed","template":"","meta":[],"product_brand":[257],"product_cat":[275],"product_tag":[],"class_list":{"0":"post-18458","1":"product","2":"type-product","3":"status-publish","4":"has-post-thumbnail","6":"product_brand-waci-pack","7":"product_cat-dust-bag","9":"first","10":"instock","11":"taxable","12":"shipping-taxable","13":"product-type-simple"},"yoast_head":"<!-- This site is optimized with the Yoast SEO plugin v27.4 - https:\/\/yoast.com\/product\/yoast-seo-wordpress\/ -->\n<title>Dust Bags\u9632\u5c18\u888b - WINMALL SPA<\/title>\n<meta name=\"robots\" content=\"index, follow, max-snippet:-1, max-image-preview:large, max-video-preview:-1\" \/>\n<link rel=\"canonical\" href=\"https:\/\/winmallspa.com\/zh\/prodotto\/dust-bags\u9632\u5c18\u888b-4\/\" \/>\n<meta property=\"og:locale\" content=\"zh_CN\" \/>\n<meta property=\"og:type\" content=\"article\" \/>\n<meta property=\"og:title\" content=\"Dust Bags\u9632\u5c18\u888b - WINMALL SPA\" \/>\n<meta property=\"og:description\" content=\"Realizzato in pelle rossa vera, morbida e lucida, con coulisse nere e fibbia in pelle. La chiusura a coulisse \u00e8 pratica ed elegante, perfetto per riporre accessori preziosi, piccoli articoli in pelle o indumenti intimi. Protegge dalla polvere mentre si distingue per il colore vibrante e la qualit\u00e0 premium. Disponibile su misura per dimensioni e marchi personalizzati, \u00e8 un articolo di organizazione che unisce funzionalit\u00e0 ed estetica.  \u7504\u9009\u7ec6\u817b\u67d4\u6da6\u7684\u7ea2\u8272\u771f\u76ae\u9762\u6599\uff0c\u642d\u914d\u9ed1\u8272\u62bd\u7ef3\u4e0e\u76ae\u8d28\u7ef3\u6263\uff0c\u675f\u53e3\u8bbe\u8ba1\u5229\u843d\u6709\u578b\u3002\u53ef\u7cbe\u81f4\u6536\u7eb3\u8d35\u91cd\u914d\u9970\u3001\u5c0f\u578b\u76ae\u5177\u6216\u8d34\u8eab\u8863\u7269\uff0c\u9632\u5c18\u62a4\u7269\u7684\u540c\u65f6\uff0c\u4ee5\u4eae\u773c\u8272\u6cfd\u4e0e\u9ad8\u7ea7\u8d28\u611f\u6210\u4e3a\u517c\u5177\u5b9e\u7528\u4e0e\u7f8e\u5b66\u7684\u6536\u7eb3\u5355\u54c1\uff0c\u652f\u6301\u5b9a\u5236\u5c3a\u5bf8\u4e0e\u4e13\u5c5e\u538b\u5370\u3002\" \/>\n<meta property=\"og:url\" content=\"https:\/\/winmallspa.com\/zh\/prodotto\/dust-bags\u9632\u5c18\u888b-4\/\" \/>\n<meta property=\"og:site_name\" content=\"WINMALL SPA\" \/>\n<meta property=\"article:modified_time\" content=\"2026-01-16T09:40:46+00:00\" \/>\n<meta property=\"og:image\" content=\"https:\/\/winmallspa.com\/wp-content\/uploads\/2026\/01\/2.jpg\" \/>\n\t<meta property=\"og:image:width\" content=\"1920\" \/>\n\t<meta property=\"og:image:height\" content=\"1200\" \/>\n\t<meta property=\"og:image:type\" content=\"image\/jpeg\" \/>\n<meta name=\"twitter:card\" content=\"summary_large_image\" \/>\n<script type=\"application\/ld+json\" class=\"yoast-schema-graph\">{\"@context\":\"https:\\\/\\\/schema.org\",\"@graph\":[{\"@type\":\"WebPage\",\"@id\":\"https:\\\/\\\/winmallspa.com\\\/prodotto\\\/dust-bags%e9%98%b2%e5%b0%98%e8%a2%8b-4\\\/\",\"url\":\"https:\\\/\\\/winmallspa.com\\\/prodotto\\\/dust-bags%e9%98%b2%e5%b0%98%e8%a2%8b-4\\\/\",\"name\":\"Dust Bags\u9632\u5c18\u888b - WINMALL SPA\",\"isPartOf\":{\"@id\":\"https:\\\/\\\/winmallspa.com\\\/#website\"},\"primaryImageOfPage\":{\"@id\":\"https:\\\/\\\/winmallspa.com\\\/prodotto\\\/dust-bags%e9%98%b2%e5%b0%98%e8%a2%8b-4\\\/#primaryimage\"},\"image\":{\"@id\":\"https:\\\/\\\/winmallspa.com\\\/prodotto\\\/dust-bags%e9%98%b2%e5%b0%98%e8%a2%8b-4\\\/#primaryimage\"},\"thumbnailUrl\":\"https:\\\/\\\/winmallspa.com\\\/wp-content\\\/uploads\\\/2026\\\/01\\\/2.jpg\",\"datePublished\":\"2026-01-16T09:38:36+00:00\",\"dateModified\":\"2026-01-16T09:40:46+00:00\",\"breadcrumb\":{\"@id\":\"https:\\\/\\\/winmallspa.com\\\/prodotto\\\/dust-bags%e9%98%b2%e5%b0%98%e8%a2%8b-4\\\/#breadcrumb\"},\"inLanguage\":\"zh-Hans\",\"potentialAction\":[{\"@type\":\"ReadAction\",\"target\":[\"https:\\\/\\\/winmallspa.com\\\/prodotto\\\/dust-bags%e9%98%b2%e5%b0%98%e8%a2%8b-4\\\/\"]}]},{\"@type\":\"ImageObject\",\"inLanguage\":\"zh-Hans\",\"@id\":\"https:\\\/\\\/winmallspa.com\\\/prodotto\\\/dust-bags%e9%98%b2%e5%b0%98%e8%a2%8b-4\\\/#primaryimage\",\"url\":\"https:\\\/\\\/winmallspa.com\\\/wp-content\\\/uploads\\\/2026\\\/01\\\/2.jpg\",\"contentUrl\":\"https:\\\/\\\/winmallspa.com\\\/wp-content\\\/uploads\\\/2026\\\/01\\\/2.jpg\",\"width\":1920,\"height\":1200,\"caption\":\"xr:d:DAFh8XE-rdc:2,j:46437990163,t:23050409\"},{\"@type\":\"BreadcrumbList\",\"@id\":\"https:\\\/\\\/winmallspa.com\\\/prodotto\\\/dust-bags%e9%98%b2%e5%b0%98%e8%a2%8b-4\\\/#breadcrumb\",\"itemListElement\":[{\"@type\":\"ListItem\",\"position\":1,\"name\":\"Home\",\"item\":\"https:\\\/\\\/winmallspa.com\\\/\"},{\"@type\":\"ListItem\",\"position\":2,\"name\":\"Shop\",\"item\":\"https:\\\/\\\/winmallspa.com\\\/negozio\\\/\"},{\"@type\":\"ListItem\",\"position\":3,\"name\":\"Dust Bags\u9632\u5c18\u888b\"}]},{\"@type\":\"WebSite\",\"@id\":\"https:\\\/\\\/winmallspa.com\\\/#website\",\"url\":\"https:\\\/\\\/winmallspa.com\\\/\",\"name\":\"winmallspa.com\",\"description\":\"\",\"publisher\":{\"@id\":\"https:\\\/\\\/winmallspa.com\\\/#organization\"},\"potentialAction\":[{\"@type\":\"SearchAction\",\"target\":{\"@type\":\"EntryPoint\",\"urlTemplate\":\"https:\\\/\\\/winmallspa.com\\\/?s={search_term_string}\"},\"query-input\":{\"@type\":\"PropertyValueSpecification\",\"valueRequired\":true,\"valueName\":\"search_term_string\"}}],\"inLanguage\":\"zh-Hans\"},{\"@type\":\"Organization\",\"@id\":\"https:\\\/\\\/winmallspa.com\\\/#organization\",\"name\":\"winmallspa.com\",\"url\":\"https:\\\/\\\/winmallspa.com\\\/\",\"logo\":{\"@type\":\"ImageObject\",\"inLanguage\":\"zh-Hans\",\"@id\":\"https:\\\/\\\/winmallspa.com\\\/#\\\/schema\\\/logo\\\/image\\\/\",\"url\":\"https:\\\/\\\/winmallspa.com\\\/wp-content\\\/uploads\\\/2025\\\/07\\\/cta-vendorsys-logo.png\",\"contentUrl\":\"https:\\\/\\\/winmallspa.com\\\/wp-content\\\/uploads\\\/2025\\\/07\\\/cta-vendorsys-logo.png\",\"width\":225,\"height\":225,\"caption\":\"winmallspa.com\"},\"image\":{\"@id\":\"https:\\\/\\\/winmallspa.com\\\/#\\\/schema\\\/logo\\\/image\\\/\"}}]}<\/script>\n<!-- \/ Yoast SEO plugin. -->","yoast_head_json":{"title":"Dust Bags\u9632\u5c18\u888b - WINMALL SPA","robots":{"index":"index","follow":"follow","max-snippet":"max-snippet:-1","max-image-preview":"max-image-preview:large","max-video-preview":"max-video-preview:-1"},"canonical":"https:\/\/winmallspa.com\/zh\/prodotto\/dust-bags\u9632\u5c18\u888b-4\/","og_locale":"zh_CN","og_type":"article","og_title":"Dust Bags\u9632\u5c18\u888b - WINMALL SPA","og_description":"Realizzato in pelle rossa vera, morbida e lucida, con coulisse nere e fibbia in pelle. La chiusura a coulisse \u00e8 pratica ed elegante, perfetto per riporre accessori preziosi, piccoli articoli in pelle o indumenti intimi. Protegge dalla polvere mentre si distingue per il colore vibrante e la qualit\u00e0 premium. Disponibile su misura per dimensioni e marchi personalizzati, \u00e8 un articolo di organizazione che unisce funzionalit\u00e0 ed estetica.  \u7504\u9009\u7ec6\u817b\u67d4\u6da6\u7684\u7ea2\u8272\u771f\u76ae\u9762\u6599\uff0c\u642d\u914d\u9ed1\u8272\u62bd\u7ef3\u4e0e\u76ae\u8d28\u7ef3\u6263\uff0c\u675f\u53e3\u8bbe\u8ba1\u5229\u843d\u6709\u578b\u3002\u53ef\u7cbe\u81f4\u6536\u7eb3\u8d35\u91cd\u914d\u9970\u3001\u5c0f\u578b\u76ae\u5177\u6216\u8d34\u8eab\u8863\u7269\uff0c\u9632\u5c18\u62a4\u7269\u7684\u540c\u65f6\uff0c\u4ee5\u4eae\u773c\u8272\u6cfd\u4e0e\u9ad8\u7ea7\u8d28\u611f\u6210\u4e3a\u517c\u5177\u5b9e\u7528\u4e0e\u7f8e\u5b66\u7684\u6536\u7eb3\u5355\u54c1\uff0c\u652f\u6301\u5b9a\u5236\u5c3a\u5bf8\u4e0e\u4e13\u5c5e\u538b\u5370\u3002","og_url":"https:\/\/winmallspa.com\/zh\/prodotto\/dust-bags\u9632\u5c18\u888b-4\/","og_site_name":"WINMALL SPA","article_modified_time":"2026-01-16T09:40:46+00:00","og_image":[{"width":1920,"height":1200,"url":"https:\/\/winmallspa.com\/wp-content\/uploads\/2026\/01\/2.jpg","type":"image\/jpeg"}],"twitter_card":"summary_large_image","schema":{"@context":"https:\/\/schema.org","@graph":[{"@type":"WebPage","@id":"https:\/\/winmallspa.com\/prodotto\/dust-bags%e9%98%b2%e5%b0%98%e8%a2%8b-4\/","url":"https:\/\/winmallspa.com\/prodotto\/dust-bags%e9%98%b2%e5%b0%98%e8%a2%8b-4\/","name":"Dust Bags\u9632\u5c18\u888b - WINMALL SPA","isPartOf":{"@id":"https:\/\/winmallspa.com\/#website"},"primaryImageOfPage":{"@id":"https:\/\/winmallspa.com\/prodotto\/dust-bags%e9%98%b2%e5%b0%98%e8%a2%8b-4\/#primaryimage"},"image":{"@id":"https:\/\/winmallspa.com\/prodotto\/dust-bags%e9%98%b2%e5%b0%98%e8%a2%8b-4\/#primaryimage"},"thumbnailUrl":"https:\/\/winmallspa.com\/wp-content\/uploads\/2026\/01\/2.jpg","datePublished":"2026-01-16T09:38:36+00:00","dateModified":"2026-01-16T09:40:46+00:00","breadcrumb":{"@id":"https:\/\/winmallspa.com\/prodotto\/dust-bags%e9%98%b2%e5%b0%98%e8%a2%8b-4\/#breadcrumb"},"inLanguage":"zh-Hans","potentialAction":[{"@type":"ReadAction","target":["https:\/\/winmallspa.com\/prodotto\/dust-bags%e9%98%b2%e5%b0%98%e8%a2%8b-4\/"]}]},{"@type":"ImageObject","inLanguage":"zh-Hans","@id":"https:\/\/winmallspa.com\/prodotto\/dust-bags%e9%98%b2%e5%b0%98%e8%a2%8b-4\/#primaryimage","url":"https:\/\/winmallspa.com\/wp-content\/uploads\/2026\/01\/2.jpg","contentUrl":"https:\/\/winmallspa.com\/wp-content\/uploads\/2026\/01\/2.jpg","width":1920,"height":1200,"caption":"xr:d:DAFh8XE-rdc:2,j:46437990163,t:23050409"},{"@type":"BreadcrumbList","@id":"https:\/\/winmallspa.com\/prodotto\/dust-bags%e9%98%b2%e5%b0%98%e8%a2%8b-4\/#breadcrumb","itemListElement":[{"@type":"ListItem","position":1,"name":"Home","item":"https:\/\/winmallspa.com\/"},{"@type":"ListItem","position":2,"name":"Shop","item":"https:\/\/winmallspa.com\/negozio\/"},{"@type":"ListItem","position":3,"name":"Dust Bags\u9632\u5c18\u888b"}]},{"@type":"WebSite","@id":"https:\/\/winmallspa.com\/#website","url":"https:\/\/winmallspa.com\/","name":"winmallspa.com","description":"","publisher":{"@id":"https:\/\/winmallspa.com\/#organization"},"potentialAction":[{"@type":"SearchAction","target":{"@type":"EntryPoint","urlTemplate":"https:\/\/winmallspa.com\/?s={search_term_string}"},"query-input":{"@type":"PropertyValueSpecification","valueRequired":true,"valueName":"search_term_string"}}],"inLanguage":"zh-Hans"},{"@type":"Organization","@id":"https:\/\/winmallspa.com\/#organization","name":"winmallspa.com","url":"https:\/\/winmallspa.com\/","logo":{"@type":"ImageObject","inLanguage":"zh-Hans","@id":"https:\/\/winmallspa.com\/#\/schema\/logo\/image\/","url":"https:\/\/winmallspa.com\/wp-content\/uploads\/2025\/07\/cta-vendorsys-logo.png","contentUrl":"https:\/\/winmallspa.com\/wp-content\/uploads\/2025\/07\/cta-vendorsys-logo.png","width":225,"height":225,"caption":"winmallspa.com"},"image":{"@id":"https:\/\/winmallspa.com\/#\/schema\/logo\/image\/"}}]}},"_links":{"self":[{"href":"https:\/\/winmallspa.com\/zh\/wp-json\/wp\/v2\/product\/18458","targetHints":{"allow":["GET"]}}],"collection":[{"href":"https:\/\/winmallspa.com\/zh\/wp-json\/wp\/v2\/product"}],"about":[{"href":"https:\/\/winmallspa.com\/zh\/wp-json\/wp\/v2\/types\/product"}],"replies":[{"embeddable":true,"href":"https:\/\/winmallspa.com\/zh\/wp-json\/wp\/v2\/comments?post=18458"}],"version-history":[{"count":1,"href":"https:\/\/winmallspa.com\/zh\/wp-json\/wp\/v2\/product\/18458\/revisions"}],"predecessor-version":[{"id":18459,"href":"https:\/\/winmallspa.com\/zh\/wp-json\/wp\/v2\/product\/18458\/revisions\/18459"}],"wp:featuredmedia":[{"embeddable":true,"href":"https:\/\/winmallspa.com\/zh\/wp-json\/wp\/v2\/media\/18446"}],"wp:attachment":[{"href":"https:\/\/winmallspa.com\/zh\/wp-json\/wp\/v2\/media?parent=18458"}],"wp:term":[{"taxonomy":"product_brand","embeddable":true,"href":"https:\/\/winmallspa.com\/zh\/wp-json\/wp\/v2\/product_brand?post=18458"},{"taxonomy":"product_cat","embeddable":true,"href":"https:\/\/winmallspa.com\/zh\/wp-json\/wp\/v2\/product_cat?post=18458"},{"taxonomy":"product_tag","embeddable":true,"href":"https:\/\/winmallspa.com\/zh\/wp-json\/wp\/v2\/product_tag?post=18458"}],"curies":[{"name":"wp","href":"https:\/\/api.w.org\/{rel}","templated":true}]}}