{"id":17637,"date":"2025-12-19T06:43:29","date_gmt":"2025-12-19T06:43:29","guid":{"rendered":"https:\/\/winmallspa.com\/?post_type=product&#038;p=17637"},"modified":"2026-01-20T07:54:34","modified_gmt":"2026-01-20T07:54:34","slug":"garment-covers","status":"publish","type":"product","link":"https:\/\/winmallspa.com\/zh\/prodotto\/garment-covers\/","title":{"rendered":"Garment Covers\u8863\u7269\u7f69"},"content":{"rendered":"<div class=\"elementor-column elementor-col-50 elementor-inner-column elementor-element elementor-element-951c2bc\" data-id=\"951c2bc\" data-element_type=\"column\">\n<div class=\"elementor-widget-wrap elementor-element-populated\">\n<div class=\"elementor-element elementor-element-2bcbc8a elementor-widget elementor-widget-archicon_core_icon_with_text\" data-id=\"2bcbc8a\" data-element_type=\"widget\" data-widget_type=\"archicon_core_icon_with_text.default\">\n<div class=\"elementor-widget-container\">\n<div class=\"qodef-shortcode qodef-m qodef-icon-with-text qodef-layout--before-content qodef--icon-pack\">\n<div class=\"qodef-m-content\">\n<h4 class=\"qodef-m-title\"><span class=\"qodef-m-title-text\">Pratico ma chic<\/span><\/h4>\n<p class=\"qodef-m-text\">Non serve rinunciare alla praticit\u00e0 per avere anche l\u2019eleganza. Le garment covers di Paimex sono fatte per custodire i tuoi capi pi\u00f9 preziosi e esaltarne il valore contemporaneamente. Un mix armonico di funzionalit\u00e0 e cura del dettaglio che promuove anche la tua immagine.<\/p>\n<\/div>\n<\/div>\n<\/div>\n<\/div>\n<div class=\"elementor-element elementor-element-3903d50 elementor-widget elementor-widget-archicon_core_icon_with_text\" data-id=\"3903d50\" data-element_type=\"widget\" data-widget_type=\"archicon_core_icon_with_text.default\">\n<div class=\"elementor-widget-container\">\n<div class=\"qodef-shortcode qodef-m qodef-icon-with-text qodef-layout--before-content qodef--icon-pack\">\n<div class=\"qodef-m-icon-wrapper\"><\/div>\n<div class=\"qodef-m-content\">\n<h4 class=\"qodef-m-title\"><span class=\"qodef-m-title-text\">Opere da incorniciare<\/span><\/h4>\n<p class=\"qodef-m-text\">In Paimex prestiamo grande attenzione alla scelta dei materiali, alle tecniche di stampa, alle finiture e agli accessori per incorniciare le tue opere con un packaging di alto livello.<\/p>\n<\/div>\n<\/div>\n<\/div>\n<\/div>\n<\/div>\n<\/div>\n<div class=\"elementor-column elementor-col-50 elementor-inner-column elementor-element elementor-element-8b6c2d3\" data-id=\"8b6c2d3\" data-element_type=\"column\">\n<div class=\"elementor-widget-wrap elementor-element-populated\">\n<div class=\"elementor-element elementor-element-b7183e0 elementor-widget elementor-widget-archicon_core_icon_with_text\" data-id=\"b7183e0\" data-element_type=\"widget\" data-widget_type=\"archicon_core_icon_with_text.default\">\n<div class=\"elementor-widget-container\">\n<div class=\"qodef-shortcode qodef-m qodef-icon-with-text qodef-layout--before-content qodef--icon-pack\">\n<div class=\"qodef-m-icon-wrapper\"><\/div>\n<div class=\"qodef-m-content\">\n<h4 class=\"qodef-m-title\"><span class=\"qodef-m-title-text\">Vale molto di pi\u00f9<\/span><\/h4>\n<p class=\"qodef-m-text\">Un packaging semplice ma curato nelle finiture, una stampa di qualit\u00e0 ineccepibile, un accessorio giusto e il gioco \u00e8 fatto! \u00c8 un piccolo gesto di attenzione per il cliente che valorizza il prodotto e il tuo brand. A volte basta poco per avere molto.<\/p>\n<p>\u5b9e\u7528\u53c8\u65f6\u5c1a<br \/>\n\u65e0\u9700\u727a\u7272\u5b9e\u7528\u6027\u6765\u8ffd\u6c42\u4f18\u96c5\u3002Paimex\u7684\u8863\u7269\u6536\u7eb3\u888b\u65e2\u80fd\u4fdd\u62a4\u4f60\u6700\u73cd\u8d35\u7684\u8863\u7269\uff0c\u53c8\u80fd\u5f70\u663e\u5176\u4ef7\u503c\u3002\u529f\u80fd\u4e0e\u7ec6\u8282\u5173\u6000\u7684\u5b8c\u7f8e\u7ed3\u5408\uff0c\u66f4\u52a9\u529b\u63d0\u5347\u4f60\u7684\u5f62\u8c61\u3002<br \/>\n\u53ef\u88c5\u88f1\u7684\u4f5c\u54c1<br \/>\n\u5728Paimex\uff0c\u6211\u4eec\u975e\u5e38\u6ce8\u91cd\u6750\u6599\u7684\u9009\u62e9\u3001\u5370\u5237\u6280\u672f\u3001\u88c5\u5e27\u5904\u7406\u4ee5\u53ca\u914d\u9970\uff0c\u4ee5\u9ad8\u7aef\u5305\u88c5\u4e3a\u60a8\u7684\u4f5c\u54c1\u589e\u8272\u6dfb\u5f69\u3002<br \/>\n\u4ef7\u503c\u8fdc\u8d85\u4e8e\u6b64<br \/>\n\u7b80\u7ea6\u800c\u4e0d\u5931\u7cbe\u81f4\u7684\u5305\u88c5\uff0c\u65e0\u53ef\u6311\u5254\u7684\u9ad8\u54c1\u8d28\u5370\u5237\uff0c\u52a0\u4e0a\u6070\u5230\u597d\u5904\u7684\u914d\u9970\uff0c\u4e00\u5207\u5c31\u7eea\uff01\u8fd9\u662f\u5bf9\u5ba2\u6237\u7684\u4e00\u70b9\u5c0f\u5173\u6000\uff0c\u5f70\u663e\u4e86\u4ea7\u54c1\u4e0e\u60a8\u7684\u54c1\u724c\u4ef7\u503c\u3002\u6709\u65f6\u5019\uff0c\u53ea\u9700\u4e00\u70b9\u70b9\u7528\u5fc3\uff0c\u5c31\u80fd\u6536\u83b7\u6ee1\u6ee1\u3002<\/p>\n<\/div>\n<\/div>\n<\/div>\n<\/div>\n<\/div>\n<\/div>","protected":false},"excerpt":{"rendered":"<p>Garment cover in raso cotoniero nobilitato e rifiniture in nastro gros-grain, cuciture perfette e dettagli raffinati. Ideale per custodire i tuoi capi pi\u00f9 preziosi.<\/p>\n<p><span data-slate-fragment=\"JTVCJTdCJTIydHlwZSUyMiUzQSUyMnBhcmFncmFwaCUyMiUyQyUyMmNoaWxkcmVuJTIyJTNBJTVCJTdCJTIyaWQlMjIlM0ElMjJCd0tMakFXb1dCJTIyJTJDJTIycGFyYUlkeCUyMiUzQTAlMkMlMjJzcmMlMjIlM0ElMjJQZXIlMjBpbCUyMHByZXp6byUyMGRpJTIwcGVyc29uYWxpenphemlvbmUlMkMlMjBzaSUyMHByZWdhJTIwZGklMjBjb25zdWx0YXJlLiUyMiUyQyUyMmRzdCUyMiUzQSUyMiVFNiU5QyU4OSVFNSU4NSVCMyVFNSVBRSU5QSVFNSU4OCVCNiVFNCVCQiVCNyVFNiVBMCVCQyVFRiVCQyU4QyVFOCVBRiVCNyVFNSU5MiVBOCVFOCVBRiVBMiVFMyU4MCU4MiUyMiUyQyUyMm1ldGFkYXRhJTIyJTNBJTIyJTIyJTJDJTIybWF0Y2hlcyUyMiUzQW51bGwlMkMlMjJ0cmFuc2xhdGVkQnklMjIlM0FudWxsJTJDJTIybWV0YURhdGElMjIlM0ElNUIlNUQlMkMlMjJ0ZXh0JTIyJTNBJTIyUGVyJTIwaWwlMjBwcmV6em8lMjBkaSUyMHBlcnNvbmFsaXp6YXppb25lJTJDJTIwc2klMjBwcmVnYSUyMGRpJTIwY29uc3VsdGFyZS4lMjIlN0QlNUQlN0QlNUQ=\">Per il prezzo di personalizzazione, si prega di consultare.<\/span><\/p>\n<p>\u8863\u7269\u7f69\u91c7\u7528\u4f18\u8d28\u68c9\u5e03\u5236\u6210\uff0c\u914d\u4ee5\u7c97\u9ebb\u5e03\u9970\u8fb9\uff0c\u7f1d\u7ebf\u5b8c\u7f8e\uff0c\u7ec6\u8282\u7cbe\u81f4\u3002\u662f\u4fdd\u62a4\u60a8\u6700\u73cd\u8d35\u8863\u7269\u7684\u7406\u60f3\u9009\u62e9\u3002<br \/>\n\u5173\u4e8e\u5b9a\u5236\u4ef7\u683c\uff0c\u8bf7\u54a8\u8be2\u3002<\/p>","protected":false},"featured_media":17640,"comment_status":"open","ping_status":"closed","template":"","meta":[],"product_brand":[257],"product_cat":[277],"product_tag":[],"class_list":{"0":"post-17637","1":"product","2":"type-product","3":"status-publish","4":"has-post-thumbnail","6":"product_brand-waci-pack","7":"product_cat-dust-cover","9":"first","10":"instock","11":"taxable","12":"shipping-taxable","13":"product-type-simple"},"yoast_head":"<!-- This site is optimized with the Yoast SEO plugin v27.4 - https:\/\/yoast.com\/product\/yoast-seo-wordpress\/ -->\n<title>Garment Covers\u8863\u7269\u7f69 - WINMALL SPA<\/title>\n<meta name=\"robots\" content=\"index, follow, max-snippet:-1, max-image-preview:large, max-video-preview:-1\" \/>\n<link rel=\"canonical\" href=\"https:\/\/winmallspa.com\/zh\/prodotto\/garment-covers\/\" \/>\n<meta property=\"og:locale\" content=\"zh_CN\" \/>\n<meta property=\"og:type\" content=\"article\" \/>\n<meta property=\"og:title\" content=\"Garment Covers\u8863\u7269\u7f69 - WINMALL SPA\" \/>\n<meta property=\"og:description\" content=\"Garment cover in raso cotoniero nobilitato e rifiniture in nastro gros-grain, cuciture perfette e dettagli raffinati. Ideale per custodire i tuoi capi pi\u00f9 preziosi.  Per il prezzo di personalizzazione, si prega di consultare.  \u8863\u7269\u7f69\u91c7\u7528\u4f18\u8d28\u68c9\u5e03\u5236\u6210\uff0c\u914d\u4ee5\u7c97\u9ebb\u5e03\u9970\u8fb9\uff0c\u7f1d\u7ebf\u5b8c\u7f8e\uff0c\u7ec6\u8282\u7cbe\u81f4\u3002\u662f\u4fdd\u62a4\u60a8\u6700\u73cd\u8d35\u8863\u7269\u7684\u7406\u60f3\u9009\u62e9\u3002 \u5173\u4e8e\u5b9a\u5236\u4ef7\u683c\uff0c\u8bf7\u54a8\u8be2\u3002\" \/>\n<meta property=\"og:url\" content=\"https:\/\/winmallspa.com\/zh\/prodotto\/garment-covers\/\" \/>\n<meta property=\"og:site_name\" content=\"WINMALL SPA\" \/>\n<meta property=\"article:modified_time\" content=\"2026-01-20T07:54:34+00:00\" \/>\n<meta property=\"og:image\" content=\"https:\/\/winmallspa.com\/wp-content\/uploads\/2025\/12\/packaging-garment-covers-seta-001-1142x2048-1.jpg\" \/>\n\t<meta property=\"og:image:width\" content=\"1142\" \/>\n\t<meta property=\"og:image:height\" content=\"2048\" \/>\n\t<meta property=\"og:image:type\" content=\"image\/jpeg\" \/>\n<meta name=\"twitter:card\" content=\"summary_large_image\" \/>\n<meta name=\"twitter:label1\" content=\"\u9884\u8ba1\u9605\u8bfb\u65f6\u95f4\" \/>\n\t<meta name=\"twitter:data1\" content=\"1 \u5206\" \/>\n<script type=\"application\/ld+json\" class=\"yoast-schema-graph\">{\"@context\":\"https:\\\/\\\/schema.org\",\"@graph\":[{\"@type\":\"WebPage\",\"@id\":\"https:\\\/\\\/winmallspa.com\\\/prodotto\\\/garment-covers\\\/\",\"url\":\"https:\\\/\\\/winmallspa.com\\\/prodotto\\\/garment-covers\\\/\",\"name\":\"Garment Covers\u8863\u7269\u7f69 - WINMALL SPA\",\"isPartOf\":{\"@id\":\"https:\\\/\\\/winmallspa.com\\\/#website\"},\"primaryImageOfPage\":{\"@id\":\"https:\\\/\\\/winmallspa.com\\\/prodotto\\\/garment-covers\\\/#primaryimage\"},\"image\":{\"@id\":\"https:\\\/\\\/winmallspa.com\\\/prodotto\\\/garment-covers\\\/#primaryimage\"},\"thumbnailUrl\":\"https:\\\/\\\/winmallspa.com\\\/wp-content\\\/uploads\\\/2025\\\/12\\\/packaging-garment-covers-seta-001-1142x2048-1.jpg\",\"datePublished\":\"2025-12-19T06:43:29+00:00\",\"dateModified\":\"2026-01-20T07:54:34+00:00\",\"breadcrumb\":{\"@id\":\"https:\\\/\\\/winmallspa.com\\\/prodotto\\\/garment-covers\\\/#breadcrumb\"},\"inLanguage\":\"zh-Hans\",\"potentialAction\":[{\"@type\":\"ReadAction\",\"target\":[\"https:\\\/\\\/winmallspa.com\\\/prodotto\\\/garment-covers\\\/\"]}]},{\"@type\":\"ImageObject\",\"inLanguage\":\"zh-Hans\",\"@id\":\"https:\\\/\\\/winmallspa.com\\\/prodotto\\\/garment-covers\\\/#primaryimage\",\"url\":\"https:\\\/\\\/winmallspa.com\\\/wp-content\\\/uploads\\\/2025\\\/12\\\/packaging-garment-covers-seta-001-1142x2048-1.jpg\",\"contentUrl\":\"https:\\\/\\\/winmallspa.com\\\/wp-content\\\/uploads\\\/2025\\\/12\\\/packaging-garment-covers-seta-001-1142x2048-1.jpg\",\"width\":1142,\"height\":2048},{\"@type\":\"BreadcrumbList\",\"@id\":\"https:\\\/\\\/winmallspa.com\\\/prodotto\\\/garment-covers\\\/#breadcrumb\",\"itemListElement\":[{\"@type\":\"ListItem\",\"position\":1,\"name\":\"Home\",\"item\":\"https:\\\/\\\/winmallspa.com\\\/\"},{\"@type\":\"ListItem\",\"position\":2,\"name\":\"Shop\",\"item\":\"https:\\\/\\\/winmallspa.com\\\/negozio\\\/\"},{\"@type\":\"ListItem\",\"position\":3,\"name\":\"Garment Covers\u8863\u7269\u7f69\"}]},{\"@type\":\"WebSite\",\"@id\":\"https:\\\/\\\/winmallspa.com\\\/#website\",\"url\":\"https:\\\/\\\/winmallspa.com\\\/\",\"name\":\"winmallspa.com\",\"description\":\"\",\"publisher\":{\"@id\":\"https:\\\/\\\/winmallspa.com\\\/#organization\"},\"potentialAction\":[{\"@type\":\"SearchAction\",\"target\":{\"@type\":\"EntryPoint\",\"urlTemplate\":\"https:\\\/\\\/winmallspa.com\\\/?s={search_term_string}\"},\"query-input\":{\"@type\":\"PropertyValueSpecification\",\"valueRequired\":true,\"valueName\":\"search_term_string\"}}],\"inLanguage\":\"zh-Hans\"},{\"@type\":\"Organization\",\"@id\":\"https:\\\/\\\/winmallspa.com\\\/#organization\",\"name\":\"winmallspa.com\",\"url\":\"https:\\\/\\\/winmallspa.com\\\/\",\"logo\":{\"@type\":\"ImageObject\",\"inLanguage\":\"zh-Hans\",\"@id\":\"https:\\\/\\\/winmallspa.com\\\/#\\\/schema\\\/logo\\\/image\\\/\",\"url\":\"https:\\\/\\\/winmallspa.com\\\/wp-content\\\/uploads\\\/2025\\\/07\\\/cta-vendorsys-logo.png\",\"contentUrl\":\"https:\\\/\\\/winmallspa.com\\\/wp-content\\\/uploads\\\/2025\\\/07\\\/cta-vendorsys-logo.png\",\"width\":225,\"height\":225,\"caption\":\"winmallspa.com\"},\"image\":{\"@id\":\"https:\\\/\\\/winmallspa.com\\\/#\\\/schema\\\/logo\\\/image\\\/\"}}]}<\/script>\n<!-- \/ Yoast SEO plugin. -->","yoast_head_json":{"title":"Garment Covers\u8863\u7269\u7f69 - WINMALL SPA","robots":{"index":"index","follow":"follow","max-snippet":"max-snippet:-1","max-image-preview":"max-image-preview:large","max-video-preview":"max-video-preview:-1"},"canonical":"https:\/\/winmallspa.com\/zh\/prodotto\/garment-covers\/","og_locale":"zh_CN","og_type":"article","og_title":"Garment Covers\u8863\u7269\u7f69 - WINMALL SPA","og_description":"Garment cover in raso cotoniero nobilitato e rifiniture in nastro gros-grain, cuciture perfette e dettagli raffinati. Ideale per custodire i tuoi capi pi\u00f9 preziosi.  Per il prezzo di personalizzazione, si prega di consultare.  \u8863\u7269\u7f69\u91c7\u7528\u4f18\u8d28\u68c9\u5e03\u5236\u6210\uff0c\u914d\u4ee5\u7c97\u9ebb\u5e03\u9970\u8fb9\uff0c\u7f1d\u7ebf\u5b8c\u7f8e\uff0c\u7ec6\u8282\u7cbe\u81f4\u3002\u662f\u4fdd\u62a4\u60a8\u6700\u73cd\u8d35\u8863\u7269\u7684\u7406\u60f3\u9009\u62e9\u3002 \u5173\u4e8e\u5b9a\u5236\u4ef7\u683c\uff0c\u8bf7\u54a8\u8be2\u3002","og_url":"https:\/\/winmallspa.com\/zh\/prodotto\/garment-covers\/","og_site_name":"WINMALL SPA","article_modified_time":"2026-01-20T07:54:34+00:00","og_image":[{"width":1142,"height":2048,"url":"https:\/\/winmallspa.com\/wp-content\/uploads\/2025\/12\/packaging-garment-covers-seta-001-1142x2048-1.jpg","type":"image\/jpeg"}],"twitter_card":"summary_large_image","twitter_misc":{"\u9884\u8ba1\u9605\u8bfb\u65f6\u95f4":"1 \u5206"},"schema":{"@context":"https:\/\/schema.org","@graph":[{"@type":"WebPage","@id":"https:\/\/winmallspa.com\/prodotto\/garment-covers\/","url":"https:\/\/winmallspa.com\/prodotto\/garment-covers\/","name":"Garment Covers\u8863\u7269\u7f69 - WINMALL SPA","isPartOf":{"@id":"https:\/\/winmallspa.com\/#website"},"primaryImageOfPage":{"@id":"https:\/\/winmallspa.com\/prodotto\/garment-covers\/#primaryimage"},"image":{"@id":"https:\/\/winmallspa.com\/prodotto\/garment-covers\/#primaryimage"},"thumbnailUrl":"https:\/\/winmallspa.com\/wp-content\/uploads\/2025\/12\/packaging-garment-covers-seta-001-1142x2048-1.jpg","datePublished":"2025-12-19T06:43:29+00:00","dateModified":"2026-01-20T07:54:34+00:00","breadcrumb":{"@id":"https:\/\/winmallspa.com\/prodotto\/garment-covers\/#breadcrumb"},"inLanguage":"zh-Hans","potentialAction":[{"@type":"ReadAction","target":["https:\/\/winmallspa.com\/prodotto\/garment-covers\/"]}]},{"@type":"ImageObject","inLanguage":"zh-Hans","@id":"https:\/\/winmallspa.com\/prodotto\/garment-covers\/#primaryimage","url":"https:\/\/winmallspa.com\/wp-content\/uploads\/2025\/12\/packaging-garment-covers-seta-001-1142x2048-1.jpg","contentUrl":"https:\/\/winmallspa.com\/wp-content\/uploads\/2025\/12\/packaging-garment-covers-seta-001-1142x2048-1.jpg","width":1142,"height":2048},{"@type":"BreadcrumbList","@id":"https:\/\/winmallspa.com\/prodotto\/garment-covers\/#breadcrumb","itemListElement":[{"@type":"ListItem","position":1,"name":"Home","item":"https:\/\/winmallspa.com\/"},{"@type":"ListItem","position":2,"name":"Shop","item":"https:\/\/winmallspa.com\/negozio\/"},{"@type":"ListItem","position":3,"name":"Garment Covers\u8863\u7269\u7f69"}]},{"@type":"WebSite","@id":"https:\/\/winmallspa.com\/#website","url":"https:\/\/winmallspa.com\/","name":"winmallspa.com","description":"","publisher":{"@id":"https:\/\/winmallspa.com\/#organization"},"potentialAction":[{"@type":"SearchAction","target":{"@type":"EntryPoint","urlTemplate":"https:\/\/winmallspa.com\/?s={search_term_string}"},"query-input":{"@type":"PropertyValueSpecification","valueRequired":true,"valueName":"search_term_string"}}],"inLanguage":"zh-Hans"},{"@type":"Organization","@id":"https:\/\/winmallspa.com\/#organization","name":"winmallspa.com","url":"https:\/\/winmallspa.com\/","logo":{"@type":"ImageObject","inLanguage":"zh-Hans","@id":"https:\/\/winmallspa.com\/#\/schema\/logo\/image\/","url":"https:\/\/winmallspa.com\/wp-content\/uploads\/2025\/07\/cta-vendorsys-logo.png","contentUrl":"https:\/\/winmallspa.com\/wp-content\/uploads\/2025\/07\/cta-vendorsys-logo.png","width":225,"height":225,"caption":"winmallspa.com"},"image":{"@id":"https:\/\/winmallspa.com\/#\/schema\/logo\/image\/"}}]}},"_links":{"self":[{"href":"https:\/\/winmallspa.com\/zh\/wp-json\/wp\/v2\/product\/17637","targetHints":{"allow":["GET"]}}],"collection":[{"href":"https:\/\/winmallspa.com\/zh\/wp-json\/wp\/v2\/product"}],"about":[{"href":"https:\/\/winmallspa.com\/zh\/wp-json\/wp\/v2\/types\/product"}],"replies":[{"embeddable":true,"href":"https:\/\/winmallspa.com\/zh\/wp-json\/wp\/v2\/comments?post=17637"}],"version-history":[{"count":2,"href":"https:\/\/winmallspa.com\/zh\/wp-json\/wp\/v2\/product\/17637\/revisions"}],"predecessor-version":[{"id":18402,"href":"https:\/\/winmallspa.com\/zh\/wp-json\/wp\/v2\/product\/17637\/revisions\/18402"}],"wp:featuredmedia":[{"embeddable":true,"href":"https:\/\/winmallspa.com\/zh\/wp-json\/wp\/v2\/media\/17640"}],"wp:attachment":[{"href":"https:\/\/winmallspa.com\/zh\/wp-json\/wp\/v2\/media?parent=17637"}],"wp:term":[{"taxonomy":"product_brand","embeddable":true,"href":"https:\/\/winmallspa.com\/zh\/wp-json\/wp\/v2\/product_brand?post=17637"},{"taxonomy":"product_cat","embeddable":true,"href":"https:\/\/winmallspa.com\/zh\/wp-json\/wp\/v2\/product_cat?post=17637"},{"taxonomy":"product_tag","embeddable":true,"href":"https:\/\/winmallspa.com\/zh\/wp-json\/wp\/v2\/product_tag?post=17637"}],"curies":[{"name":"wp","href":"https:\/\/api.w.org\/{rel}","templated":true}]}}