{"id":17488,"date":"2025-12-15T13:17:31","date_gmt":"2025-12-15T13:17:31","guid":{"rendered":"https:\/\/winmallspa.com\/?post_type=product&#038;p=17488"},"modified":"2025-12-16T07:09:22","modified_gmt":"2025-12-16T07:09:22","slug":"asciugamano-personalizzato%e5%ae%9a%e5%88%b6%e6%af%9b%e5%b7%be","status":"publish","type":"product","link":"https:\/\/winmallspa.com\/zh\/prodotto\/asciugamano-personalizzato%e5%ae%9a%e5%88%b6%e6%af%9b%e5%b7%be\/","title":{"rendered":"Asciugamano\u6bdb\u5dfe"},"content":{"rendered":"","protected":false},"excerpt":{"rendered":"<p>Ascigamano personalizzato, dimensioni 35\u00d775 cm, materiale in puro cotone o fibra di bamb\u00f9. Morbido, assorbente e personalizzabile, unisce praticit\u00e0 a qualit\u00e0. Per il prezzo di personalizzazione, si prega di consultare.<\/p>\n<p><span data-slate-node=\"text\"><span class=\"\" data-slate-leaf=\"true\" data-sent-id=\"BXNwj8R4xV\" data-para-id=\"0\">\u5b9a\u5236\u6bdb\u5dfe\uff0c\u5c3a\u5bf835\u00d775cm\u00a0<\/span><\/span><span data-slate-node=\"text\"><span class=\"\" data-slate-leaf=\"true\" data-sent-id=\"BXNwj8R4xV\" data-para-id=\"0\">\uff0c\u6750\u8d28\u7eaf\u68c9\u6216\u7af9\u7ea4\u7ef4 \uff0c\u67d4\u7cef\u5438\u6c34\uff0c\u53ef\u5b9a\u5236\uff0c\u8d28\u611f\u5b9e\u7528\u517c\u5177\u3002<\/span><\/span><span data-slate-node=\"text\" data-slate-fragment=\"JTVCJTdCJTIydHlwZSUyMiUzQSUyMnBhcmFncmFwaCUyMiUyQyUyMmNoaWxkcmVuJTIyJTNBJTVCJTdCJTIyaWQlMjIlM0ElMjJCWE53ajhSNHhWJTIyJTJDJTIycGFyYUlkeCUyMiUzQTAlMkMlMjJzcmMlMjIlM0ElMjIlRTUlQUUlOUElRTUlODglQjYlRTYlQUYlOUIlRTUlQjclQkUlRUYlQkMlOEMxMDAlMjUlMjAlRTclQkElQUYlRTYlQTMlODklRUYlQkMlOEM0NTAlRTIlODAlOTM2MDBnJTJGbSVDMiVCMiVFRiVCQyU4QyVFNiU5RiU5NCVFNyVCMyVBRiVFNSU5MCVCOCVFNiVCMCVCNCVFRiVCQyU4QyVFNSU4RiVBRiVFNSVBRSU5QSVFNSU4OCVCNiVFRiVCQyU4QyVFOCVCNCVBOCVFNiU4NCU5RiVFNSVBRSU5RSVFNyU5NCVBOCVFNSU4NSVCQyVFNSU4NSVCNyVFMyU4MCU4MiUyMiUyQyUyMmRzdCUyMiUzQSUyMkFzY2l1Z2FtYW5pJTIwcGVyc29uYWxpenphdGklMkMlMjAxMDAlMjUlMjBjb3RvbmUlMjBwdXJvJTJDJTIwNDUwLTYwMGclMkZtJUMyJUIyJTJDJTIwbW9yYmlkbyUyQyUyMGFkZXNpdm8lMjBlJTIwYXNzb3JiZW50ZSUyMGRlbGwnYWNxdWElMkMlMjBwZXJzb25hbGl6emFiaWxlJTIwZSUyMHByYXRpY28uJTIyJTJDJTIybWV0YWRhdGElMjIlM0ElMjIlMjIlMkMlMjJtYXRjaGVzJTIyJTNBbnVsbCUyQyUyMnRyYW5zbGF0ZWRCeSUyMiUzQW51bGwlMkMlMjJtZXRhRGF0YSUyMiUzQSU1QiU1RCUyQyUyMnRleHQlMjIlM0ElMjIlRTUlQUUlOUElRTUlODglQjYlRTYlQUYlOUIlRTUlQjclQkUlRUYlQkMlOEMxMDAlMjUlMjAlRTclQkElQUYlRTYlQTMlODklRUYlQkMlOEM0NTAlRTIlODAlOTM2MDBnJTJGbSVDMiVCMiVFRiVCQyU4QyVFNiU5RiU5NCVFNyVCMyVBRiVFNSU5MCVCOCVFNiVCMCVCNCVFRiVCQyU4QyVFNSU4RiVBRiVFNSVBRSU5QSVFNSU4OCVCNiVFRiVCQyU4QyVFOCVCNCVBOCVFNiU4NCU5RiVFNSVBRSU5RSVFNyU5NCVBOCVFNSU4NSVCQyVFNSU4NSVCNyVFMyU4MCU4MiUyMiU3RCUyQyU3QiUyMmlkJTIyJTNBJTIyZXhQcjBMblhkZSUyMiUyQyUyMnBhcmFJZHglMjIlM0EwJTJDJTIyc3JjJTIyJTNBJTIyJUU1JUFFJTlBJUU1JTg4JUI2JUU0JUJCJUI3JUU2JUEwJUJDJUU4JUFGJUI3JUU1JTkyJUE4JUU4JUFGJUEyJUUzJTgwJTgyJTIyJTJDJTIyZHN0JTIyJTNBJTIyJTIwU2klMjBwcmVnYSUyMGRpJTIwY29uc3VsdGFyZSUyMGlsJTIwcHJlenpvJTIwcGVyc29uYWxpenphdG8uJTIyJTJDJTIybWV0YWRhdGElMjIlM0ElMjIlMjIlMkMlMjJtYXRjaGVzJTIyJTNBbnVsbCUyQyUyMnRyYW5zbGF0ZWRCeSUyMiUzQW51bGwlMkMlMjJtZXRhRGF0YSUyMiUzQSU1QiU1RCUyQyUyMnRleHQlMjIlM0ElMjIlRTUlQUUlOUElRTUlODglQjYlRTQlQkIlQjclRTYlQTAlQkMlRTglQUYlQjclRTUlOTIlQTglRTglQUYlQTIlRTMlODAlODIlMjIlN0QlNUQlN0QlNUQ=\"><span class=\"\" data-slate-leaf=\"true\" data-sent-id=\"exPr0LnXde\" data-para-id=\"0\">\u5b9a\u5236\u4ef7\u683c\u8bf7\u54a8\u8be2\u3002<\/span><\/span><\/p>","protected":false},"featured_media":17500,"comment_status":"open","ping_status":"closed","template":"","meta":[],"product_brand":[255,256],"product_cat":[259],"product_tag":[],"class_list":{"0":"post-17488","1":"product","2":"type-product","3":"status-publish","4":"has-post-thumbnail","6":"product_brand-waci","7":"product_brand-waci-home","8":"product_cat-hotel-supplies","10":"first","11":"instock","12":"taxable","13":"shipping-taxable","14":"product-type-simple"},"yoast_head":"<!-- This site is optimized with the Yoast SEO plugin v27.4 - https:\/\/yoast.com\/product\/yoast-seo-wordpress\/ -->\n<title>Asciugamano\u6bdb\u5dfe - WINMALL SPA<\/title>\n<meta name=\"robots\" content=\"index, follow, max-snippet:-1, max-image-preview:large, max-video-preview:-1\" \/>\n<link rel=\"canonical\" href=\"https:\/\/winmallspa.com\/zh\/prodotto\/asciugamano-personalizzato\u5b9a\u5236\u6bdb\u5dfe\/\" \/>\n<meta property=\"og:locale\" content=\"zh_CN\" \/>\n<meta property=\"og:type\" content=\"article\" \/>\n<meta property=\"og:title\" content=\"Asciugamano\u6bdb\u5dfe - WINMALL SPA\" \/>\n<meta property=\"og:description\" content=\"Ascigamano personalizzato, dimensioni 35\u00d775 cm, materiale in puro cotone o fibra di bamb\u00f9. Morbido, assorbente e personalizzabile, unisce praticit\u00e0 a qualit\u00e0. Per il prezzo di personalizzazione, si prega di consultare.  \u5b9a\u5236\u6bdb\u5dfe\uff0c\u5c3a\u5bf835\u00d775cm\u00a0\uff0c\u6750\u8d28\u7eaf\u68c9\u6216\u7af9\u7ea4\u7ef4 \uff0c\u67d4\u7cef\u5438\u6c34\uff0c\u53ef\u5b9a\u5236\uff0c\u8d28\u611f\u5b9e\u7528\u517c\u5177\u3002\u5b9a\u5236\u4ef7\u683c\u8bf7\u54a8\u8be2\u3002\" \/>\n<meta property=\"og:url\" content=\"https:\/\/winmallspa.com\/zh\/prodotto\/asciugamano-personalizzato\u5b9a\u5236\u6bdb\u5dfe\/\" \/>\n<meta property=\"og:site_name\" content=\"WINMALL SPA\" \/>\n<meta property=\"article:modified_time\" content=\"2025-12-16T07:09:22+00:00\" \/>\n<meta property=\"og:image\" content=\"https:\/\/winmallspa.com\/wp-content\/uploads\/2025\/12\/3142c2b9-2a42-4682-ad4e-996eb16fae16-683x1024.png\" \/>\n\t<meta property=\"og:image:width\" content=\"683\" \/>\n\t<meta property=\"og:image:height\" content=\"1024\" \/>\n\t<meta property=\"og:image:type\" content=\"image\/png\" \/>\n<meta name=\"twitter:card\" content=\"summary_large_image\" \/>\n<script type=\"application\/ld+json\" class=\"yoast-schema-graph\">{\"@context\":\"https:\\\/\\\/schema.org\",\"@graph\":[{\"@type\":\"WebPage\",\"@id\":\"https:\\\/\\\/winmallspa.com\\\/prodotto\\\/asciugamano-personalizzato%e5%ae%9a%e5%88%b6%e6%af%9b%e5%b7%be\\\/\",\"url\":\"https:\\\/\\\/winmallspa.com\\\/prodotto\\\/asciugamano-personalizzato%e5%ae%9a%e5%88%b6%e6%af%9b%e5%b7%be\\\/\",\"name\":\"Asciugamano\u6bdb\u5dfe - WINMALL SPA\",\"isPartOf\":{\"@id\":\"https:\\\/\\\/winmallspa.com\\\/#website\"},\"primaryImageOfPage\":{\"@id\":\"https:\\\/\\\/winmallspa.com\\\/prodotto\\\/asciugamano-personalizzato%e5%ae%9a%e5%88%b6%e6%af%9b%e5%b7%be\\\/#primaryimage\"},\"image\":{\"@id\":\"https:\\\/\\\/winmallspa.com\\\/prodotto\\\/asciugamano-personalizzato%e5%ae%9a%e5%88%b6%e6%af%9b%e5%b7%be\\\/#primaryimage\"},\"thumbnailUrl\":\"https:\\\/\\\/winmallspa.com\\\/wp-content\\\/uploads\\\/2025\\\/12\\\/3142c2b9-2a42-4682-ad4e-996eb16fae16.png\",\"datePublished\":\"2025-12-15T13:17:31+00:00\",\"dateModified\":\"2025-12-16T07:09:22+00:00\",\"breadcrumb\":{\"@id\":\"https:\\\/\\\/winmallspa.com\\\/prodotto\\\/asciugamano-personalizzato%e5%ae%9a%e5%88%b6%e6%af%9b%e5%b7%be\\\/#breadcrumb\"},\"inLanguage\":\"zh-Hans\",\"potentialAction\":[{\"@type\":\"ReadAction\",\"target\":[\"https:\\\/\\\/winmallspa.com\\\/prodotto\\\/asciugamano-personalizzato%e5%ae%9a%e5%88%b6%e6%af%9b%e5%b7%be\\\/\"]}]},{\"@type\":\"ImageObject\",\"inLanguage\":\"zh-Hans\",\"@id\":\"https:\\\/\\\/winmallspa.com\\\/prodotto\\\/asciugamano-personalizzato%e5%ae%9a%e5%88%b6%e6%af%9b%e5%b7%be\\\/#primaryimage\",\"url\":\"https:\\\/\\\/winmallspa.com\\\/wp-content\\\/uploads\\\/2025\\\/12\\\/3142c2b9-2a42-4682-ad4e-996eb16fae16.png\",\"contentUrl\":\"https:\\\/\\\/winmallspa.com\\\/wp-content\\\/uploads\\\/2025\\\/12\\\/3142c2b9-2a42-4682-ad4e-996eb16fae16.png\",\"width\":1024,\"height\":1536},{\"@type\":\"BreadcrumbList\",\"@id\":\"https:\\\/\\\/winmallspa.com\\\/prodotto\\\/asciugamano-personalizzato%e5%ae%9a%e5%88%b6%e6%af%9b%e5%b7%be\\\/#breadcrumb\",\"itemListElement\":[{\"@type\":\"ListItem\",\"position\":1,\"name\":\"Home\",\"item\":\"https:\\\/\\\/winmallspa.com\\\/\"},{\"@type\":\"ListItem\",\"position\":2,\"name\":\"Shop\",\"item\":\"https:\\\/\\\/winmallspa.com\\\/negozio\\\/\"},{\"@type\":\"ListItem\",\"position\":3,\"name\":\"Asciugamano\u6bdb\u5dfe\"}]},{\"@type\":\"WebSite\",\"@id\":\"https:\\\/\\\/winmallspa.com\\\/#website\",\"url\":\"https:\\\/\\\/winmallspa.com\\\/\",\"name\":\"winmallspa.com\",\"description\":\"\",\"publisher\":{\"@id\":\"https:\\\/\\\/winmallspa.com\\\/#organization\"},\"potentialAction\":[{\"@type\":\"SearchAction\",\"target\":{\"@type\":\"EntryPoint\",\"urlTemplate\":\"https:\\\/\\\/winmallspa.com\\\/?s={search_term_string}\"},\"query-input\":{\"@type\":\"PropertyValueSpecification\",\"valueRequired\":true,\"valueName\":\"search_term_string\"}}],\"inLanguage\":\"zh-Hans\"},{\"@type\":\"Organization\",\"@id\":\"https:\\\/\\\/winmallspa.com\\\/#organization\",\"name\":\"winmallspa.com\",\"url\":\"https:\\\/\\\/winmallspa.com\\\/\",\"logo\":{\"@type\":\"ImageObject\",\"inLanguage\":\"zh-Hans\",\"@id\":\"https:\\\/\\\/winmallspa.com\\\/#\\\/schema\\\/logo\\\/image\\\/\",\"url\":\"https:\\\/\\\/winmallspa.com\\\/wp-content\\\/uploads\\\/2025\\\/07\\\/cta-vendorsys-logo.png\",\"contentUrl\":\"https:\\\/\\\/winmallspa.com\\\/wp-content\\\/uploads\\\/2025\\\/07\\\/cta-vendorsys-logo.png\",\"width\":225,\"height\":225,\"caption\":\"winmallspa.com\"},\"image\":{\"@id\":\"https:\\\/\\\/winmallspa.com\\\/#\\\/schema\\\/logo\\\/image\\\/\"}}]}<\/script>\n<!-- \/ Yoast SEO plugin. -->","yoast_head_json":{"title":"Asciugamano\u6bdb\u5dfe - WINMALL SPA","robots":{"index":"index","follow":"follow","max-snippet":"max-snippet:-1","max-image-preview":"max-image-preview:large","max-video-preview":"max-video-preview:-1"},"canonical":"https:\/\/winmallspa.com\/zh\/prodotto\/asciugamano-personalizzato\u5b9a\u5236\u6bdb\u5dfe\/","og_locale":"zh_CN","og_type":"article","og_title":"Asciugamano\u6bdb\u5dfe - WINMALL SPA","og_description":"Ascigamano personalizzato, dimensioni 35\u00d775 cm, materiale in puro cotone o fibra di bamb\u00f9. Morbido, assorbente e personalizzabile, unisce praticit\u00e0 a qualit\u00e0. Per il prezzo di personalizzazione, si prega di consultare.  \u5b9a\u5236\u6bdb\u5dfe\uff0c\u5c3a\u5bf835\u00d775cm\u00a0\uff0c\u6750\u8d28\u7eaf\u68c9\u6216\u7af9\u7ea4\u7ef4 \uff0c\u67d4\u7cef\u5438\u6c34\uff0c\u53ef\u5b9a\u5236\uff0c\u8d28\u611f\u5b9e\u7528\u517c\u5177\u3002\u5b9a\u5236\u4ef7\u683c\u8bf7\u54a8\u8be2\u3002","og_url":"https:\/\/winmallspa.com\/zh\/prodotto\/asciugamano-personalizzato\u5b9a\u5236\u6bdb\u5dfe\/","og_site_name":"WINMALL SPA","article_modified_time":"2025-12-16T07:09:22+00:00","og_image":[{"width":683,"height":1024,"url":"https:\/\/winmallspa.com\/wp-content\/uploads\/2025\/12\/3142c2b9-2a42-4682-ad4e-996eb16fae16-683x1024.png","type":"image\/png"}],"twitter_card":"summary_large_image","schema":{"@context":"https:\/\/schema.org","@graph":[{"@type":"WebPage","@id":"https:\/\/winmallspa.com\/prodotto\/asciugamano-personalizzato%e5%ae%9a%e5%88%b6%e6%af%9b%e5%b7%be\/","url":"https:\/\/winmallspa.com\/prodotto\/asciugamano-personalizzato%e5%ae%9a%e5%88%b6%e6%af%9b%e5%b7%be\/","name":"Asciugamano\u6bdb\u5dfe - WINMALL SPA","isPartOf":{"@id":"https:\/\/winmallspa.com\/#website"},"primaryImageOfPage":{"@id":"https:\/\/winmallspa.com\/prodotto\/asciugamano-personalizzato%e5%ae%9a%e5%88%b6%e6%af%9b%e5%b7%be\/#primaryimage"},"image":{"@id":"https:\/\/winmallspa.com\/prodotto\/asciugamano-personalizzato%e5%ae%9a%e5%88%b6%e6%af%9b%e5%b7%be\/#primaryimage"},"thumbnailUrl":"https:\/\/winmallspa.com\/wp-content\/uploads\/2025\/12\/3142c2b9-2a42-4682-ad4e-996eb16fae16.png","datePublished":"2025-12-15T13:17:31+00:00","dateModified":"2025-12-16T07:09:22+00:00","breadcrumb":{"@id":"https:\/\/winmallspa.com\/prodotto\/asciugamano-personalizzato%e5%ae%9a%e5%88%b6%e6%af%9b%e5%b7%be\/#breadcrumb"},"inLanguage":"zh-Hans","potentialAction":[{"@type":"ReadAction","target":["https:\/\/winmallspa.com\/prodotto\/asciugamano-personalizzato%e5%ae%9a%e5%88%b6%e6%af%9b%e5%b7%be\/"]}]},{"@type":"ImageObject","inLanguage":"zh-Hans","@id":"https:\/\/winmallspa.com\/prodotto\/asciugamano-personalizzato%e5%ae%9a%e5%88%b6%e6%af%9b%e5%b7%be\/#primaryimage","url":"https:\/\/winmallspa.com\/wp-content\/uploads\/2025\/12\/3142c2b9-2a42-4682-ad4e-996eb16fae16.png","contentUrl":"https:\/\/winmallspa.com\/wp-content\/uploads\/2025\/12\/3142c2b9-2a42-4682-ad4e-996eb16fae16.png","width":1024,"height":1536},{"@type":"BreadcrumbList","@id":"https:\/\/winmallspa.com\/prodotto\/asciugamano-personalizzato%e5%ae%9a%e5%88%b6%e6%af%9b%e5%b7%be\/#breadcrumb","itemListElement":[{"@type":"ListItem","position":1,"name":"Home","item":"https:\/\/winmallspa.com\/"},{"@type":"ListItem","position":2,"name":"Shop","item":"https:\/\/winmallspa.com\/negozio\/"},{"@type":"ListItem","position":3,"name":"Asciugamano\u6bdb\u5dfe"}]},{"@type":"WebSite","@id":"https:\/\/winmallspa.com\/#website","url":"https:\/\/winmallspa.com\/","name":"winmallspa.com","description":"","publisher":{"@id":"https:\/\/winmallspa.com\/#organization"},"potentialAction":[{"@type":"SearchAction","target":{"@type":"EntryPoint","urlTemplate":"https:\/\/winmallspa.com\/?s={search_term_string}"},"query-input":{"@type":"PropertyValueSpecification","valueRequired":true,"valueName":"search_term_string"}}],"inLanguage":"zh-Hans"},{"@type":"Organization","@id":"https:\/\/winmallspa.com\/#organization","name":"winmallspa.com","url":"https:\/\/winmallspa.com\/","logo":{"@type":"ImageObject","inLanguage":"zh-Hans","@id":"https:\/\/winmallspa.com\/#\/schema\/logo\/image\/","url":"https:\/\/winmallspa.com\/wp-content\/uploads\/2025\/07\/cta-vendorsys-logo.png","contentUrl":"https:\/\/winmallspa.com\/wp-content\/uploads\/2025\/07\/cta-vendorsys-logo.png","width":225,"height":225,"caption":"winmallspa.com"},"image":{"@id":"https:\/\/winmallspa.com\/#\/schema\/logo\/image\/"}}]}},"_links":{"self":[{"href":"https:\/\/winmallspa.com\/zh\/wp-json\/wp\/v2\/product\/17488","targetHints":{"allow":["GET"]}}],"collection":[{"href":"https:\/\/winmallspa.com\/zh\/wp-json\/wp\/v2\/product"}],"about":[{"href":"https:\/\/winmallspa.com\/zh\/wp-json\/wp\/v2\/types\/product"}],"replies":[{"embeddable":true,"href":"https:\/\/winmallspa.com\/zh\/wp-json\/wp\/v2\/comments?post=17488"}],"version-history":[{"count":4,"href":"https:\/\/winmallspa.com\/zh\/wp-json\/wp\/v2\/product\/17488\/revisions"}],"predecessor-version":[{"id":17511,"href":"https:\/\/winmallspa.com\/zh\/wp-json\/wp\/v2\/product\/17488\/revisions\/17511"}],"wp:featuredmedia":[{"embeddable":true,"href":"https:\/\/winmallspa.com\/zh\/wp-json\/wp\/v2\/media\/17500"}],"wp:attachment":[{"href":"https:\/\/winmallspa.com\/zh\/wp-json\/wp\/v2\/media?parent=17488"}],"wp:term":[{"taxonomy":"product_brand","embeddable":true,"href":"https:\/\/winmallspa.com\/zh\/wp-json\/wp\/v2\/product_brand?post=17488"},{"taxonomy":"product_cat","embeddable":true,"href":"https:\/\/winmallspa.com\/zh\/wp-json\/wp\/v2\/product_cat?post=17488"},{"taxonomy":"product_tag","embeddable":true,"href":"https:\/\/winmallspa.com\/zh\/wp-json\/wp\/v2\/product_tag?post=17488"}],"curies":[{"name":"wp","href":"https:\/\/api.w.org\/{rel}","templated":true}]}}