{"id":17327,"date":"2025-12-11T07:41:39","date_gmt":"2025-12-11T07:41:39","guid":{"rendered":"https:\/\/winmallspa.com\/?post_type=product&#038;p=17327"},"modified":"2025-12-11T08:09:45","modified_gmt":"2025-12-11T08:09:45","slug":"911-titanium","status":"publish","type":"product","link":"https:\/\/winmallspa.com\/zh\/prodotto\/911-titanium\/","title":{"rendered":"911 Titanium"},"content":{"rendered":"<div class=\"elementor-element elementor-element-b8db09a elementor-widget elementor-widget-text-editor\" data-id=\"b8db09a\" data-element_type=\"widget\" data-widget_type=\"text-editor.default\">\n<div class=\"elementor-widget-container mp-label\"><strong>DESCRIZIONE:<\/strong><\/div>\n<\/div>\n<div class=\"elementor-element elementor-element-f4e3301 elementor-widget elementor-widget-text-editor\" data-id=\"f4e3301\" data-element_type=\"widget\" data-widget_type=\"text-editor.default\">\n<div class=\"elementor-widget-container\">Dispenser di sapone liquido a riempimento, elegante ed estremamente funzionale \u00e8 realizzato in Italia con materiali di alta qualit\u00e0. Tutti i nostri dispenser comprendono anche il kit di montaggio. La linea Skin \u00e8 realizzata in plastica riciclata pre e post-consumo.<\/div>\n<\/div>\n<div class=\"elementor-element elementor-element-fd031c6 elementor-widget elementor-widget-text-editor\" data-id=\"fd031c6\" data-element_type=\"widget\" data-widget_type=\"text-editor.default\">\n<div class=\"elementor-widget-container mp-label\"><strong>INFO TECNICHE:<\/strong><\/div>\n<\/div>\n<div class=\"elementor-element elementor-element-89d0078 elementor-align-left elementor-icon-list--layout-traditional elementor-list-item-link-full_width elementor-widget elementor-widget-icon-list\" data-id=\"89d0078\" data-element_type=\"widget\" data-widget_type=\"icon-list.default\">\n<div class=\"elementor-widget-container\">\n<ul class=\"elementor-icon-list-items\">\n<li class=\"elementor-icon-list-item\"><i class=\"fas fa-check-double\" aria-hidden=\"true\"><\/i><span class=\"elementor-icon-list-text\"><strong>Compatibile con:<\/strong>\u00a0Qualsiasi sapone detergente liquido<\/span><\/li>\n<li class=\"elementor-icon-list-item\"><i class=\"fas fa-check-double\" aria-hidden=\"true\"><\/i><span class=\"elementor-icon-list-text\"><strong>Modalit\u00e0 di fissaggio:<\/strong>\u00a0Viti e tasselli<\/span><\/li>\n<li class=\"elementor-icon-list-item\"><i class=\"fas fa-check-double\" aria-hidden=\"true\"><\/i><span class=\"elementor-icon-list-text\"><strong>Chiusura:<\/strong>\u00a0A scatto, apertura con chiave<\/span><\/li>\n<li class=\"elementor-icon-list-item\"><i class=\"fas fa-check-double\" aria-hidden=\"true\"><\/i><span class=\"elementor-icon-list-text\"><strong>Altezza di montaggio:<\/strong>\u00a090-120 cm<\/span><\/li>\n<li class=\"elementor-icon-list-item\"><i class=\"fas fa-check-double\" aria-hidden=\"true\"><\/i><span class=\"elementor-icon-list-text\"><strong>Capacit\u00e0:<\/strong>\u00a01 L<\/span><\/li>\n<\/ul>\n<\/div>\n<\/div>","protected":false},"excerpt":{"rendered":"<div class=\"elementor-element elementor-element-0d3b36d elementor-hidden-mobile elementor-widget elementor-widget-shortcode\" data-id=\"0d3b36d\" data-element_type=\"widget\" data-widget_type=\"shortcode.default\">\n<div class=\"elementor-widget-container\">\n<div class=\"elementor-shortcode\">\n<h1 class=\"product_title\">DISPENSER SAPONE RIEMPIMENTO- 1 L<\/h1>\n<\/div>\n<\/div>\n<\/div>\n<div class=\"elementor-element elementor-element-75926ea elementor-widget elementor-widget-woocommerce-product-short-description\" data-id=\"75926ea\" data-element_type=\"widget\" data-widget_type=\"woocommerce-product-short-description.default\">\n<div class=\"elementor-widget-container\">\n<div class=\"woocommerce-product-details__short-description\">\n<p>SKIN SOAP<br \/>\nDispenser sapone liquido<br \/>\nCon vaschetta a riempimento<br \/>\nCapacit\u00e0 1 L<br \/>\nErogazione a pulsante<br \/>\nApertura con chiave Mar Plast (inclusa), chiusura a scatto<\/p>\n<\/div>\n<\/div>\n<\/div>\n<div class=\"elementor-element elementor-element-8254245 elementor-widget-divider--view-line elementor-widget elementor-widget-divider\" data-id=\"8254245\" data-element_type=\"widget\" data-widget_type=\"divider.default\">\n<div class=\"elementor-widget-container\">\n<div class=\"elementor-divider\"><\/div>\n<\/div>\n<\/div>\n<div class=\"elementor-element elementor-element-5bab6b0 elementor-woo-meta--view-stacked elementor-widget elementor-widget-woocommerce-product-meta\" data-id=\"5bab6b0\" data-element_type=\"widget\" data-widget_type=\"woocommerce-product-meta.default\">\n<div class=\"elementor-widget-container\">\n<div class=\"product_meta\"><span class=\"sku_wrapper detail-container\"><span class=\"detail-label\">COD\u00a0<\/span><span class=\"sku\">A91121TI<\/span><\/span><\/div>\n<\/div>\n<\/div>","protected":false},"featured_media":17328,"comment_status":"open","ping_status":"closed","template":"","meta":[],"product_brand":[],"product_cat":[252],"product_tag":[],"class_list":{"0":"post-17327","1":"product","2":"type-product","3":"status-publish","4":"has-post-thumbnail","6":"product_cat-dispenser-sapone-a-riempimento","8":"first","9":"instock","10":"taxable","11":"shipping-taxable","12":"product-type-simple"},"yoast_head":"<!-- This site is optimized with the Yoast SEO plugin v27.4 - https:\/\/yoast.com\/product\/yoast-seo-wordpress\/ -->\n<title>911 Titanium - WINMALL SPA<\/title>\n<meta name=\"robots\" content=\"index, follow, max-snippet:-1, max-image-preview:large, max-video-preview:-1\" \/>\n<link rel=\"canonical\" href=\"https:\/\/winmallspa.com\/zh\/prodotto\/911-titanium\/\" \/>\n<meta property=\"og:locale\" content=\"zh_CN\" \/>\n<meta property=\"og:type\" content=\"article\" \/>\n<meta property=\"og:title\" content=\"911 Titanium - WINMALL SPA\" \/>\n<meta property=\"og:description\" content=\"DISPENSER SAPONE RIEMPIMENTO- 1 L        SKIN SOAP Dispenser sapone liquido Con vaschetta a riempimento Capacit\u00e0 1 L Erogazione a pulsante Apertura con chiave Mar Plast (inclusa), chiusura a scatto            COD\u00a0A91121TI\" \/>\n<meta property=\"og:url\" content=\"https:\/\/winmallspa.com\/zh\/prodotto\/911-titanium\/\" \/>\n<meta property=\"og:site_name\" content=\"WINMALL SPA\" \/>\n<meta property=\"article:modified_time\" content=\"2025-12-11T08:09:45+00:00\" \/>\n<meta property=\"og:image\" content=\"https:\/\/winmallspa.com\/wp-content\/uploads\/2025\/12\/A91121TI_911-titanium_dispenser-sapone-a-riempimento_marplast_1.jpg\" \/>\n\t<meta property=\"og:image:width\" content=\"1200\" \/>\n\t<meta property=\"og:image:height\" content=\"1425\" \/>\n\t<meta property=\"og:image:type\" content=\"image\/jpeg\" \/>\n<meta name=\"twitter:card\" content=\"summary_large_image\" \/>\n<script type=\"application\/ld+json\" class=\"yoast-schema-graph\">{\"@context\":\"https:\\\/\\\/schema.org\",\"@graph\":[{\"@type\":\"WebPage\",\"@id\":\"https:\\\/\\\/winmallspa.com\\\/prodotto\\\/911-titanium\\\/\",\"url\":\"https:\\\/\\\/winmallspa.com\\\/prodotto\\\/911-titanium\\\/\",\"name\":\"911 Titanium - WINMALL SPA\",\"isPartOf\":{\"@id\":\"https:\\\/\\\/winmallspa.com\\\/#website\"},\"primaryImageOfPage\":{\"@id\":\"https:\\\/\\\/winmallspa.com\\\/prodotto\\\/911-titanium\\\/#primaryimage\"},\"image\":{\"@id\":\"https:\\\/\\\/winmallspa.com\\\/prodotto\\\/911-titanium\\\/#primaryimage\"},\"thumbnailUrl\":\"https:\\\/\\\/winmallspa.com\\\/wp-content\\\/uploads\\\/2025\\\/12\\\/A91121TI_911-titanium_dispenser-sapone-a-riempimento_marplast_1.jpg\",\"datePublished\":\"2025-12-11T07:41:39+00:00\",\"dateModified\":\"2025-12-11T08:09:45+00:00\",\"breadcrumb\":{\"@id\":\"https:\\\/\\\/winmallspa.com\\\/prodotto\\\/911-titanium\\\/#breadcrumb\"},\"inLanguage\":\"zh-Hans\",\"potentialAction\":[{\"@type\":\"ReadAction\",\"target\":[\"https:\\\/\\\/winmallspa.com\\\/prodotto\\\/911-titanium\\\/\"]}]},{\"@type\":\"ImageObject\",\"inLanguage\":\"zh-Hans\",\"@id\":\"https:\\\/\\\/winmallspa.com\\\/prodotto\\\/911-titanium\\\/#primaryimage\",\"url\":\"https:\\\/\\\/winmallspa.com\\\/wp-content\\\/uploads\\\/2025\\\/12\\\/A91121TI_911-titanium_dispenser-sapone-a-riempimento_marplast_1.jpg\",\"contentUrl\":\"https:\\\/\\\/winmallspa.com\\\/wp-content\\\/uploads\\\/2025\\\/12\\\/A91121TI_911-titanium_dispenser-sapone-a-riempimento_marplast_1.jpg\",\"width\":1200,\"height\":1425},{\"@type\":\"BreadcrumbList\",\"@id\":\"https:\\\/\\\/winmallspa.com\\\/prodotto\\\/911-titanium\\\/#breadcrumb\",\"itemListElement\":[{\"@type\":\"ListItem\",\"position\":1,\"name\":\"Home\",\"item\":\"https:\\\/\\\/winmallspa.com\\\/\"},{\"@type\":\"ListItem\",\"position\":2,\"name\":\"Shop\",\"item\":\"https:\\\/\\\/winmallspa.com\\\/negozio\\\/\"},{\"@type\":\"ListItem\",\"position\":3,\"name\":\"911 Titanium\"}]},{\"@type\":\"WebSite\",\"@id\":\"https:\\\/\\\/winmallspa.com\\\/#website\",\"url\":\"https:\\\/\\\/winmallspa.com\\\/\",\"name\":\"winmallspa.com\",\"description\":\"\",\"publisher\":{\"@id\":\"https:\\\/\\\/winmallspa.com\\\/#organization\"},\"potentialAction\":[{\"@type\":\"SearchAction\",\"target\":{\"@type\":\"EntryPoint\",\"urlTemplate\":\"https:\\\/\\\/winmallspa.com\\\/?s={search_term_string}\"},\"query-input\":{\"@type\":\"PropertyValueSpecification\",\"valueRequired\":true,\"valueName\":\"search_term_string\"}}],\"inLanguage\":\"zh-Hans\"},{\"@type\":\"Organization\",\"@id\":\"https:\\\/\\\/winmallspa.com\\\/#organization\",\"name\":\"winmallspa.com\",\"url\":\"https:\\\/\\\/winmallspa.com\\\/\",\"logo\":{\"@type\":\"ImageObject\",\"inLanguage\":\"zh-Hans\",\"@id\":\"https:\\\/\\\/winmallspa.com\\\/#\\\/schema\\\/logo\\\/image\\\/\",\"url\":\"https:\\\/\\\/winmallspa.com\\\/wp-content\\\/uploads\\\/2025\\\/07\\\/cta-vendorsys-logo.png\",\"contentUrl\":\"https:\\\/\\\/winmallspa.com\\\/wp-content\\\/uploads\\\/2025\\\/07\\\/cta-vendorsys-logo.png\",\"width\":225,\"height\":225,\"caption\":\"winmallspa.com\"},\"image\":{\"@id\":\"https:\\\/\\\/winmallspa.com\\\/#\\\/schema\\\/logo\\\/image\\\/\"}}]}<\/script>\n<!-- \/ Yoast SEO plugin. -->","yoast_head_json":{"title":"911 Titanium - WINMALL SPA","robots":{"index":"index","follow":"follow","max-snippet":"max-snippet:-1","max-image-preview":"max-image-preview:large","max-video-preview":"max-video-preview:-1"},"canonical":"https:\/\/winmallspa.com\/zh\/prodotto\/911-titanium\/","og_locale":"zh_CN","og_type":"article","og_title":"911 Titanium - WINMALL SPA","og_description":"DISPENSER SAPONE RIEMPIMENTO- 1 L        SKIN SOAP Dispenser sapone liquido Con vaschetta a riempimento Capacit\u00e0 1 L Erogazione a pulsante Apertura con chiave Mar Plast (inclusa), chiusura a scatto            COD\u00a0A91121TI","og_url":"https:\/\/winmallspa.com\/zh\/prodotto\/911-titanium\/","og_site_name":"WINMALL SPA","article_modified_time":"2025-12-11T08:09:45+00:00","og_image":[{"width":1200,"height":1425,"url":"https:\/\/winmallspa.com\/wp-content\/uploads\/2025\/12\/A91121TI_911-titanium_dispenser-sapone-a-riempimento_marplast_1.jpg","type":"image\/jpeg"}],"twitter_card":"summary_large_image","schema":{"@context":"https:\/\/schema.org","@graph":[{"@type":"WebPage","@id":"https:\/\/winmallspa.com\/prodotto\/911-titanium\/","url":"https:\/\/winmallspa.com\/prodotto\/911-titanium\/","name":"911 Titanium - WINMALL SPA","isPartOf":{"@id":"https:\/\/winmallspa.com\/#website"},"primaryImageOfPage":{"@id":"https:\/\/winmallspa.com\/prodotto\/911-titanium\/#primaryimage"},"image":{"@id":"https:\/\/winmallspa.com\/prodotto\/911-titanium\/#primaryimage"},"thumbnailUrl":"https:\/\/winmallspa.com\/wp-content\/uploads\/2025\/12\/A91121TI_911-titanium_dispenser-sapone-a-riempimento_marplast_1.jpg","datePublished":"2025-12-11T07:41:39+00:00","dateModified":"2025-12-11T08:09:45+00:00","breadcrumb":{"@id":"https:\/\/winmallspa.com\/prodotto\/911-titanium\/#breadcrumb"},"inLanguage":"zh-Hans","potentialAction":[{"@type":"ReadAction","target":["https:\/\/winmallspa.com\/prodotto\/911-titanium\/"]}]},{"@type":"ImageObject","inLanguage":"zh-Hans","@id":"https:\/\/winmallspa.com\/prodotto\/911-titanium\/#primaryimage","url":"https:\/\/winmallspa.com\/wp-content\/uploads\/2025\/12\/A91121TI_911-titanium_dispenser-sapone-a-riempimento_marplast_1.jpg","contentUrl":"https:\/\/winmallspa.com\/wp-content\/uploads\/2025\/12\/A91121TI_911-titanium_dispenser-sapone-a-riempimento_marplast_1.jpg","width":1200,"height":1425},{"@type":"BreadcrumbList","@id":"https:\/\/winmallspa.com\/prodotto\/911-titanium\/#breadcrumb","itemListElement":[{"@type":"ListItem","position":1,"name":"Home","item":"https:\/\/winmallspa.com\/"},{"@type":"ListItem","position":2,"name":"Shop","item":"https:\/\/winmallspa.com\/negozio\/"},{"@type":"ListItem","position":3,"name":"911 Titanium"}]},{"@type":"WebSite","@id":"https:\/\/winmallspa.com\/#website","url":"https:\/\/winmallspa.com\/","name":"winmallspa.com","description":"","publisher":{"@id":"https:\/\/winmallspa.com\/#organization"},"potentialAction":[{"@type":"SearchAction","target":{"@type":"EntryPoint","urlTemplate":"https:\/\/winmallspa.com\/?s={search_term_string}"},"query-input":{"@type":"PropertyValueSpecification","valueRequired":true,"valueName":"search_term_string"}}],"inLanguage":"zh-Hans"},{"@type":"Organization","@id":"https:\/\/winmallspa.com\/#organization","name":"winmallspa.com","url":"https:\/\/winmallspa.com\/","logo":{"@type":"ImageObject","inLanguage":"zh-Hans","@id":"https:\/\/winmallspa.com\/#\/schema\/logo\/image\/","url":"https:\/\/winmallspa.com\/wp-content\/uploads\/2025\/07\/cta-vendorsys-logo.png","contentUrl":"https:\/\/winmallspa.com\/wp-content\/uploads\/2025\/07\/cta-vendorsys-logo.png","width":225,"height":225,"caption":"winmallspa.com"},"image":{"@id":"https:\/\/winmallspa.com\/#\/schema\/logo\/image\/"}}]}},"_links":{"self":[{"href":"https:\/\/winmallspa.com\/zh\/wp-json\/wp\/v2\/product\/17327","targetHints":{"allow":["GET"]}}],"collection":[{"href":"https:\/\/winmallspa.com\/zh\/wp-json\/wp\/v2\/product"}],"about":[{"href":"https:\/\/winmallspa.com\/zh\/wp-json\/wp\/v2\/types\/product"}],"replies":[{"embeddable":true,"href":"https:\/\/winmallspa.com\/zh\/wp-json\/wp\/v2\/comments?post=17327"}],"version-history":[{"count":1,"href":"https:\/\/winmallspa.com\/zh\/wp-json\/wp\/v2\/product\/17327\/revisions"}],"predecessor-version":[{"id":17329,"href":"https:\/\/winmallspa.com\/zh\/wp-json\/wp\/v2\/product\/17327\/revisions\/17329"}],"wp:featuredmedia":[{"embeddable":true,"href":"https:\/\/winmallspa.com\/zh\/wp-json\/wp\/v2\/media\/17328"}],"wp:attachment":[{"href":"https:\/\/winmallspa.com\/zh\/wp-json\/wp\/v2\/media?parent=17327"}],"wp:term":[{"taxonomy":"product_brand","embeddable":true,"href":"https:\/\/winmallspa.com\/zh\/wp-json\/wp\/v2\/product_brand?post=17327"},{"taxonomy":"product_cat","embeddable":true,"href":"https:\/\/winmallspa.com\/zh\/wp-json\/wp\/v2\/product_cat?post=17327"},{"taxonomy":"product_tag","embeddable":true,"href":"https:\/\/winmallspa.com\/zh\/wp-json\/wp\/v2\/product_tag?post=17327"}],"curies":[{"name":"wp","href":"https:\/\/api.w.org\/{rel}","templated":true}]}}